{"id":5266,"date":"2021-07-18T08:03:35","date_gmt":"2021-07-18T08:03:35","guid":{"rendered":"https:\/\/nuss.uxper.co\/luxury-resort\/?page_id=5266"},"modified":"2026-03-13T04:56:37","modified_gmt":"2026-03-13T04:56:37","slug":"a-propos-de-nous","status":"publish","type":"page","link":"https:\/\/hengqin-seaview.intercityhotelzhuhai.com\/fr\/about-us\/","title":{"rendered":"\u00c0 propos de nous"},"content":{"rendered":"<div data-elementor-type=\"wp-page\" data-elementor-id=\"5266\" class=\"elementor elementor-5266\">\n\t\t\t\t\t\t<section class=\"elementor-section elementor-top-section elementor-element elementor-element-10416953 elementor-section-boxed elementor-section-gap-beside-yes elementor-section-height-default elementor-section-height-default elementor-section-column-vertical-align-stretch\" data-id=\"10416953\" data-element_type=\"section\" data-e-type=\"section\">\n\t\t\t\t\t\t<div class=\"elementor-container elementor-column-gap-extended\">\n\t\t\t\t\t<div class=\"elementor-column elementor-col-100 elementor-top-column elementor-element elementor-element-29c6aa8\" data-id=\"29c6aa8\" data-element_type=\"column\" data-e-type=\"column\">\n\t\t\t<div class=\"elementor-widget-wrap elementor-element-populated\">\n\t\t\t\t\t\t<div class=\"elementor-element elementor-element-7be18fe7 elementor-widget__width-initial elementor-invisible elementor-widget elementor-widget-text-editor\" data-id=\"7be18fe7\" data-element_type=\"widget\" data-e-type=\"widget\" data-settings=\"{&quot;_animation&quot;:&quot;nussFadeInUp&quot;}\" data-widget_type=\"text-editor.default\">\n\t\t\t\t\t\t\t\t\tProfitez d&#039;une vue imprenable et d&#039;un confort exceptionnel \u00e0 l&#039;IntercityHotel Zhuhai Hengqin Seaview.\t\t\t\t\t\t\t\t<\/div>\n\t\t\t\t\t<\/div>\n\t\t<\/div>\n\t\t\t\t\t<\/div>\n\t\t<\/section>\n\t\t\t\t<section class=\"elementor-section elementor-top-section elementor-element elementor-element-7d18327f elementor-section-boxed elementor-section-gap-beside-yes elementor-section-height-default elementor-section-height-default elementor-section-column-vertical-align-stretch\" data-id=\"7d18327f\" data-element_type=\"section\" data-e-type=\"section\">\n\t\t\t\t\t\t<div class=\"elementor-container elementor-column-gap-extended\">\n\t\t\t\t\t<div class=\"elementor-column elementor-col-50 elementor-top-column elementor-element elementor-element-56533670\" data-id=\"56533670\" data-element_type=\"column\" data-e-type=\"column\">\n\t\t\t<div class=\"elementor-widget-wrap elementor-element-populated\">\n\t\t\t\t\t\t<div class=\"elementor-element elementor-element-19c3f543 elementor-invisible elementor-widget elementor-widget-text-editor\" data-id=\"19c3f543\" data-element_type=\"widget\" data-e-type=\"widget\" data-settings=\"{&quot;_animation&quot;:&quot;nussFadeInUp&quot;}\" data-widget_type=\"text-editor.default\">\n\t\t\t\t\t\t\t\t\t<div class=\"qwen-markdown-paragraph\"><span class=\"qwen-markdown-text\">D\u00e9couvrez le summum de l&#039;hospitalit\u00e9 moderne au <\/span><strong class=\"qwen-markdown-strong\"><span class=\"qwen-markdown-text\">IntercityHotel Zhuhai Hengqin Seaview<\/span><\/strong><span class=\"qwen-markdown-text\">, un h\u00e9bergement de premier choix situ\u00e9 dans le quartier dynamique <\/span><strong class=\"qwen-markdown-strong\"><span class=\"qwen-markdown-text\">Centre financier de Hong Kong et de Macao<\/span><\/strong><span class=\"qwen-markdown-text\">. Situ\u00e9 \u00e0 <\/span><strong class=\"qwen-markdown-strong\"><span class=\"qwen-markdown-text\">No. 539 Huitong 5th Road, ville de Hengqin, district de Xiangzhou, Zhuhai, Guangdong, Chine<\/span><\/strong><span class=\"qwen-markdown-text\" data-spm-anchor-id=\"a2ty_o01.29997173.0.i35.5af05171WijP63\">, Cette toute nouvelle propri\u00e9t\u00e9 de 2025 est con\u00e7ue pour les voyageurs qui refusent tout compromis sur l&#039;emplacement ou le luxe.<\/span><\/div><div class=\"qwen-markdown-space\">\u00a0<\/div><div class=\"qwen-markdown-paragraph\"><span class=\"qwen-markdown-text\">Id\u00e9alement situ\u00e9 pour les voyageurs d&#039;affaires et de loisirs, l&#039;h\u00f4tel offre des vues panoramiques \u00e0 couper le souffle sur la r\u00e9gion. <\/span><strong class=\"qwen-markdown-strong\"><span class=\"qwen-markdown-text\">Tour de Macao<\/span><\/strong><span class=\"qwen-markdown-text\"> et les eaux environnantes. Les clients sont \u00e0 quelques pas de <\/span><strong class=\"qwen-markdown-strong\"><span class=\"qwen-markdown-text\">Port de Hengqin<\/span><\/strong><span class=\"qwen-markdown-text\"> et \u00e0 seulement trois minutes \u00e0 pied de <\/span><strong class=\"qwen-markdown-strong\"><span class=\"qwen-markdown-text\">Centre commercial Huafa<\/span><\/strong><span class=\"qwen-markdown-text\">, Nous vous garantissons une connectivit\u00e9 optimale et un maximum de commodit\u00e9. Que vous traversiez la fronti\u00e8re pour affaires ou pour le plaisir, notre emplacement strat\u00e9gique est la porte d&#039;entr\u00e9e id\u00e9ale vers Zhuhai et Macao.<\/span><\/div>\t\t\t\t\t\t\t\t<\/div>\n\t\t\t\t\t<\/div>\n\t\t<\/div>\n\t\t\t\t<div class=\"elementor-column elementor-col-50 elementor-top-column elementor-element elementor-element-30f14127\" data-id=\"30f14127\" data-element_type=\"column\" data-e-type=\"column\">\n\t\t\t<div class=\"elementor-widget-wrap elementor-element-populated\">\n\t\t\t\t\t\t<div class=\"elementor-element elementor-element-b56876d elementor-widget elementor-widget-image\" data-id=\"b56876d\" data-element_type=\"widget\" data-e-type=\"widget\" data-widget_type=\"image.default\">\n\t\t\t\t\t\t\t\t\t\t\t\t\t\t\t<img fetchpriority=\"high\" decoding=\"async\" width=\"568\" height=\"853\" src=\"https:\/\/hengqin-seaview.intercityhotelzhuhai.com\/wp-content\/uploads\/2026\/03\/IntercityHotel-Zhuhai-Hengqin-Seaview-68.webp\" class=\"attachment-large size-large wp-image-5670\" alt=\"\" srcset=\"https:\/\/hengqin-seaview.intercityhotelzhuhai.com\/wp-content\/uploads\/2026\/03\/IntercityHotel-Zhuhai-Hengqin-Seaview-68.webp 568w, https:\/\/hengqin-seaview.intercityhotelzhuhai.com\/wp-content\/uploads\/2026\/03\/IntercityHotel-Zhuhai-Hengqin-Seaview-68-200x300.webp 200w\" sizes=\"(max-width: 568px) 100vw, 568px\" \/>\t\t\t\t\t\t\t\t\t\t\t\t\t\t\t<\/div>\n\t\t\t\t\t<\/div>\n\t\t<\/div>\n\t\t\t\t\t<\/div>\n\t\t<\/section>\n\t\t\t\t<section class=\"elementor-section elementor-top-section elementor-element elementor-element-29fb8578 elementor-section-height-min-height elementor-section-stretched elementor-section-full_width elementor-section-items-stretch elementor-section-height-default elementor-section-column-vertical-align-stretch\" data-id=\"29fb8578\" data-element_type=\"section\" data-e-type=\"section\" data-settings=\"{&quot;stretch_section&quot;:&quot;section-stretched&quot;}\">\n\t\t\t\t\t\t<div class=\"elementor-container elementor-column-gap-no\">\n\t\t\t\t\t<div class=\"elementor-column elementor-col-50 elementor-top-column elementor-element elementor-element-40ac270b\" data-id=\"40ac270b\" data-element_type=\"column\" data-e-type=\"column\">\n\t\t\t<div class=\"elementor-widget-wrap elementor-element-populated\">\n\t\t\t\t\t\t<div class=\"elementor-element elementor-element-20872773 elementor-widget__width-initial elementor-widget-mobile__width-inherit elementor-invisible nuss-elementor-loading nuss-slide-in-right elementor-widget elementor-widget-image\" data-id=\"20872773\" data-element_type=\"widget\" data-e-type=\"widget\" data-settings=\"{&quot;_animation&quot;:&quot;nussSlideInRight&quot;}\" data-widget_type=\"image.default\">\n\t\t\t\t\t\t\t\t\t\t\t\t\t\t\t<img decoding=\"async\" width=\"1280\" height=\"853\" src=\"https:\/\/hengqin-seaview.intercityhotelzhuhai.com\/wp-content\/uploads\/2026\/03\/IntercityHotel-Zhuhai-Hengqin-Seaview-41.webp\" class=\"attachment-full size-full wp-image-5643\" alt=\"\" srcset=\"https:\/\/hengqin-seaview.intercityhotelzhuhai.com\/wp-content\/uploads\/2026\/03\/IntercityHotel-Zhuhai-Hengqin-Seaview-41.webp 1280w, https:\/\/hengqin-seaview.intercityhotelzhuhai.com\/wp-content\/uploads\/2026\/03\/IntercityHotel-Zhuhai-Hengqin-Seaview-41-300x200.webp 300w, https:\/\/hengqin-seaview.intercityhotelzhuhai.com\/wp-content\/uploads\/2026\/03\/IntercityHotel-Zhuhai-Hengqin-Seaview-41-1024x682.webp 1024w, https:\/\/hengqin-seaview.intercityhotelzhuhai.com\/wp-content\/uploads\/2026\/03\/IntercityHotel-Zhuhai-Hengqin-Seaview-41-768x512.webp 768w\" sizes=\"(max-width: 1280px) 100vw, 1280px\" \/>\t\t\t\t\t\t\t\t\t\t\t\t\t\t\t<\/div>\n\t\t\t\t\t<\/div>\n\t\t<\/div>\n\t\t\t\t<div class=\"elementor-column elementor-col-50 elementor-top-column elementor-element elementor-element-2dac103\" data-id=\"2dac103\" data-element_type=\"column\" data-e-type=\"column\">\n\t\t\t<div class=\"elementor-widget-wrap elementor-element-populated\">\n\t\t\t\t\t\t<div class=\"elementor-element elementor-element-6f1b8966 elementor-invisible elementor-widget elementor-widget-text-editor\" data-id=\"6f1b8966\" data-element_type=\"widget\" data-e-type=\"widget\" data-settings=\"{&quot;_animation&quot;:&quot;nussFadeInUp&quot;}\" data-widget_type=\"text-editor.default\">\n\t\t\t\t\t\t\t\t\t<div class=\"qwen-markdown-paragraph\"><span class=\"qwen-markdown-text\" data-spm-anchor-id=\"a2ty_o01.29997173.0.i38.5af05171WijP63\">Nos h\u00e9bergements sont soigneusement s\u00e9lectionn\u00e9s pour r\u00e9pondre \u00e0 tous vos besoins. Choisissez parmi de vastes <\/span><strong class=\"qwen-markdown-strong\"><span class=\"qwen-markdown-text\">Suites ex\u00e9cutives de 85 m\u00b2<\/span><\/strong><span class=\"qwen-markdown-text\">, <\/span><strong class=\"qwen-markdown-strong\"><span class=\"qwen-markdown-text\">Chambres King avec vue sur Macao (43 m\u00b2)<\/span><\/strong><span class=\"qwen-markdown-text\">, ou l&#039;unique <\/span><strong class=\"qwen-markdown-strong\"><span class=\"qwen-markdown-text\">Chambres familiales B.Duck de 34 m\u00b2<\/span><\/strong><span class=\"qwen-markdown-text\">, \u00e9quip\u00e9 d&#039;am\u00e9nagements adapt\u00e9s aux enfants et de t\u00e9l\u00e9viseurs \u00e0 projection de 65 pouces. Chaque chambre dispose de bureaux spacieux, d&#039;un \u00e9clairage doux pour les yeux et d&#039;une connexion Wi-Fi haut d\u00e9bit optimis\u00e9e pour les visioconf\u00e9rences, ce qui en fait un choix de premier ordre pour <\/span><strong class=\"qwen-markdown-strong\"><span class=\"qwen-markdown-text\">voyageurs d&#039;affaires \u00e0 Zhuhai<\/span><\/strong><span class=\"qwen-markdown-text\">. R\u00e9veillez-vous chaque jour face \u00e0 une vue imprenable sur la mer qui red\u00e9finit votre s\u00e9jour.<\/span><\/div><div class=\"qwen-markdown-space\">\u00a0<\/div><div class=\"qwen-markdown-paragraph\"><span class=\"qwen-markdown-text\" data-spm-anchor-id=\"a2ty_o01.29997173.0.i37.5af05171WijP63\">La restauration et les services rehaussent encore davantage l&#039;exp\u00e9rience. Savourez une cuisine authentique. <\/span><strong class=\"qwen-markdown-strong\"><span class=\"qwen-markdown-text\">Bi\u00e8res artisanales de style munichois<\/span><\/strong><span class=\"qwen-markdown-text\"> et une cuisine chinoise raffin\u00e9e dans notre restaurant offrant une vue panoramique sur la mer. Parmi les autres commodit\u00e9s, citons\u00a0: <\/span><strong class=\"qwen-markdown-strong\"><span class=\"qwen-markdown-text\">Centre de remise en forme gratuit ouvert 24h\/24<\/span><\/strong><span class=\"qwen-markdown-text\">, L&#039;IntercityHotel Zhuhai Hengqin Seaview propose un service de blanchisserie gratuit, des services assist\u00e9s par robot et des salles de r\u00e9union modulables. Avec son parking priv\u00e9 et sa r\u00e9ception ouverte 24h\/24, il vous promet un s\u00e9jour agr\u00e9able, sans encombre et m\u00e9morable.<\/span><\/div>\t\t\t\t\t\t\t\t<\/div>\n\t\t\t\t\t<\/div>\n\t\t<\/div>\n\t\t\t\t\t<\/div>\n\t\t<\/section>\n\t\t\t\t<\/div>","protected":false},"excerpt":{"rendered":"<p>Experience Unmatched Views and Comfort at IntercityHotel Zhuhai Hengqin SeaviewDiscover the pinnacle of modern hospitality at the IntercityHotel Zhuhai Hengqin Seaview, a premier accommodation located in the dynamic Hong Kong and Macao Financial Center. Situated at No. 539 Huitong 5th Road, Hengqin Town, Xiangzhou District, Zhuhai, Guangdong, China, this brand-new 2025 property is designed for [&hellip;]<\/p>\n","protected":false},"author":1,"featured_media":0,"parent":0,"menu_order":0,"comment_status":"closed","ping_status":"closed","template":"","meta":{"footnotes":""},"class_list":["post-5266","page","type-page","status-publish","hentry","post-no-thumbnail"],"_links":{"self":[{"href":"https:\/\/hengqin-seaview.intercityhotelzhuhai.com\/fr\/wp-json\/wp\/v2\/pages\/5266","targetHints":{"allow":["GET"]}}],"collection":[{"href":"https:\/\/hengqin-seaview.intercityhotelzhuhai.com\/fr\/wp-json\/wp\/v2\/pages"}],"about":[{"href":"https:\/\/hengqin-seaview.intercityhotelzhuhai.com\/fr\/wp-json\/wp\/v2\/types\/page"}],"author":[{"embeddable":true,"href":"https:\/\/hengqin-seaview.intercityhotelzhuhai.com\/fr\/wp-json\/wp\/v2\/users\/1"}],"replies":[{"embeddable":true,"href":"https:\/\/hengqin-seaview.intercityhotelzhuhai.com\/fr\/wp-json\/wp\/v2\/comments?post=5266"}],"version-history":[{"count":0,"href":"https:\/\/hengqin-seaview.intercityhotelzhuhai.com\/fr\/wp-json\/wp\/v2\/pages\/5266\/revisions"}],"wp:attachment":[{"href":"https:\/\/hengqin-seaview.intercityhotelzhuhai.com\/fr\/wp-json\/wp\/v2\/media?parent=5266"}],"curies":[{"name":"wp","href":"https:\/\/api.w.org\/{rel}","templated":true}]}}