{"id":2109,"date":"2021-03-26T08:35:58","date_gmt":"2021-03-26T08:35:58","guid":{"rendered":"http:\/\/localhost\/nuss\/?page_id=536"},"modified":"2026-03-13T04:56:01","modified_gmt":"2026-03-13T04:56:01","slug":"installations-commerciales","status":"publish","type":"page","link":"https:\/\/hengqin-seaview.intercityhotelzhuhai.com\/fr\/business-facilities\/","title":{"rendered":"Installations commerciales"},"content":{"rendered":"<div data-elementor-type=\"wp-page\" data-elementor-id=\"2109\" class=\"elementor elementor-2109\">\n\t\t\t\t\t\t<section class=\"elementor-section elementor-top-section elementor-element elementor-element-bb2901b elementor-section-boxed elementor-section-gap-beside-yes elementor-section-height-default elementor-section-height-default elementor-section-column-vertical-align-stretch\" data-id=\"bb2901b\" data-element_type=\"section\" data-e-type=\"section\">\n\t\t\t\t\t\t<div class=\"elementor-container elementor-column-gap-extended\">\n\t\t\t\t\t<div class=\"elementor-column elementor-col-100 elementor-top-column elementor-element elementor-element-1919db9\" data-id=\"1919db9\" data-element_type=\"column\" data-e-type=\"column\">\n\t\t\t<div class=\"elementor-widget-wrap elementor-element-populated\">\n\t\t\t\t\t\t<div class=\"elementor-element elementor-element-41a7b9c elementor-widget__width-initial elementor-invisible elementor-widget elementor-widget-text-editor\" data-id=\"41a7b9c\" data-element_type=\"widget\" data-e-type=\"widget\" data-settings=\"{&quot;_animation&quot;:&quot;nussFadeInUp&quot;}\" data-widget_type=\"text-editor.default\">\n\t\t\t\t\t\t\t\t\tOptimisez votre parcours professionnel\u00a0: les installations d\u2019affaires de l\u2019IntercityHotel Zhuhai Hengqin Seaview\t\t\t\t\t\t\t\t<\/div>\n\t\t\t\t\t<\/div>\n\t\t<\/div>\n\t\t\t\t\t<\/div>\n\t\t<\/section>\n\t\t<div class=\"elementor-element elementor-element-5cf086b e-flex e-con-boxed e-con e-parent\" data-id=\"5cf086b\" data-element_type=\"container\" data-e-type=\"container\">\n\t\t\t\t\t<div class=\"e-con-inner\">\n\t\t\t\t<div class=\"elementor-element elementor-element-1799195 elementor-widget elementor-widget-text-editor\" data-id=\"1799195\" data-element_type=\"widget\" data-e-type=\"widget\" data-widget_type=\"text-editor.default\">\n\t\t\t\t\t\t\t\t\t<div class=\"qwen-markdown-paragraph\"><span class=\"qwen-markdown-text\" data-spm-anchor-id=\"a2ty_o01.29997173.0.i41.5af05171WijP63\">Pour le voyageur d&#039;affaires moderne, un environnement adapt\u00e9 est la cl\u00e9 du succ\u00e8s. Situ\u00e9 au c\u0153ur du p\u00f4le \u00e9conomique dynamique de <\/span><strong class=\"qwen-markdown-strong\"><span class=\"qwen-markdown-text\">Centre financier de Hong Kong et de Macao<\/span><\/strong><span class=\"qwen-markdown-text\">, le <\/span><strong class=\"qwen-markdown-strong\"><span class=\"qwen-markdown-text\">IntercityHotel Zhuhai Hengqin Seaview<\/span><\/strong><span class=\"qwen-markdown-text\"> se positionne comme une destination de choix pour les professionnels en qu\u00eate d&#039;efficacit\u00e9, de connectivit\u00e9 et de confort. Situ\u00e9 \u00e0 <\/span><strong class=\"qwen-markdown-strong\"><span class=\"qwen-markdown-text\">No. 539 Huitong 5th Road, ville de Hengqin, district de Xiangzhou, Zhuhai, Guangdong, Chine<\/span><\/strong><span class=\"qwen-markdown-text\">, cette propri\u00e9t\u00e9 est strat\u00e9giquement con\u00e7ue pour soutenir une productivit\u00e9 de haut niveau tout en offrant la connectivit\u00e9 sans faille requise pour le commerce transfrontalier entre Zhuhai et Macao.<\/span><\/div><div class=\"qwen-markdown-space\">\u00a0<\/div><h2 class=\"qwen-markdown-heading\"><strong class=\"qwen-markdown-strong\"><span class=\"qwen-markdown-text\">Espaces de r\u00e9union et de conf\u00e9rence ultramodernes<\/span><\/strong><\/h2><div class=\"qwen-markdown-paragraph\"><span class=\"qwen-markdown-text\">Comprenant les besoins \u00e9volutifs des groupes d&#039;entreprises, l&#039;h\u00f4tel propose une gamme modulable d&#039;espaces \u00e9v\u00e9nementiels con\u00e7us pour favoriser la collaboration et l&#039;innovation. L&#039;\u00e9tablissement se targue de <\/span><strong class=\"qwen-markdown-strong\"><span class=\"qwen-markdown-text\">deux salles de r\u00e9union d\u00e9di\u00e9es<\/span><\/strong><span class=\"qwen-markdown-text\"> et <\/span><strong class=\"qwen-markdown-strong\"><span class=\"qwen-markdown-text\">deux salles multifonctionnelles<\/span><\/strong><span class=\"qwen-markdown-text\">, Chaque salle est \u00e9quip\u00e9e pour accueillir divers types de r\u00e9unions professionnelles. Que ce soit une r\u00e9union de conseil d&#039;administration en petit comit\u00e9, une s\u00e9ance de planification strat\u00e9gique, le lancement d&#039;un produit ou un s\u00e9minaire de formation complet, ces espaces modulables offrent le cadre professionnel id\u00e9al pour la r\u00e9ussite de vos \u00e9v\u00e9nements. L&#039;acoustique et l&#039;\u00e9clairage des salles ont \u00e9t\u00e9 soigneusement \u00e9tudi\u00e9s afin de garantir des pr\u00e9sentations claires et des discussions constructives.<\/span><\/div><div class=\"qwen-markdown-space\">\u00a0<\/div><h2 class=\"qwen-markdown-heading\"><strong class=\"qwen-markdown-strong\"><span class=\"qwen-markdown-text\">Productivit\u00e9 en chambre et h\u00e9bergements de direction<\/span><\/strong><\/h2><div class=\"qwen-markdown-paragraph\"><span class=\"qwen-markdown-text\">Les voyages d&#039;affaires ne se limitent pas \u00e0 la salle de conf\u00e9rence, et l&#039;IntercityHotel Zhuhai Hengqin Seaview veille \u00e0 ce que votre chambre se transforme en un bureau priv\u00e9 et productif. Les h\u00e9bergements de l&#039;h\u00f4tel, notamment la vaste suite\u2026 <\/span><strong class=\"qwen-markdown-strong\"><span class=\"qwen-markdown-text\">Suites ex\u00e9cutives de 85 m\u00b2<\/span><\/strong><span class=\"qwen-markdown-text\">, sont con\u00e7ues sur mesure pour les professionnels actifs. Chaque chambre est meubl\u00e9e avec <\/span><strong class=\"qwen-markdown-strong\"><span class=\"qwen-markdown-text\">bureaux spacieux<\/span><\/strong><span class=\"qwen-markdown-text\"> et <\/span><strong class=\"qwen-markdown-strong\"><span class=\"qwen-markdown-text\">lampes respectueuses des yeux<\/span><\/strong><span class=\"qwen-markdown-text\">, en cr\u00e9ant un environnement ergonomique pour les rapports tardifs ou les r\u00e9unions d&#039;information matinales. <\/span><\/div><div class=\"qwen-markdown-space\">\u00a0<\/div><div class=\"qwen-markdown-paragraph\"><span class=\"qwen-markdown-text\">La connectivit\u00e9 n&#039;est jamais un souci ; l&#039;h\u00f4tel la fournit. <\/span><strong class=\"qwen-markdown-strong\"><span class=\"qwen-markdown-text\">Wi-Fi haut d\u00e9bit<\/span><\/strong><span class=\"qwen-markdown-text\"> suffisamment robuste pour g\u00e9rer des t\u00e2ches gourmandes en bande passante telles que <\/span><strong class=\"qwen-markdown-strong\"><span class=\"qwen-markdown-text\">vid\u00e9oconf\u00e9rences<\/span><\/strong><span class=\"qwen-markdown-text\"> et des transferts de fichiers volumineux sans interruption. Pour ceux qui recherchent un espace et une intimit\u00e9 absolus, les suites Executive offrent un vaste espace pour \u00e9taler des documents ou organiser des consultations informelles en chambre, tout en profitant d&#039;une vue panoramique sur la mer propice \u00e0 la cr\u00e9ativit\u00e9.<\/span><\/div><div class=\"qwen-markdown-space\">\u00a0<\/div><h2 class=\"qwen-markdown-heading\"><strong class=\"qwen-markdown-strong\"><span class=\"qwen-markdown-text\">Salon VIP et opportunit\u00e9s de r\u00e9seautage<\/span><\/strong><\/h2><div class=\"qwen-markdown-paragraph\"><span class=\"qwen-markdown-text\">Les discussions se d\u00e9roulent souvent mieux en dehors des salles de r\u00e9union formelles. L&#039;h\u00f4tel <\/span><strong class=\"qwen-markdown-strong\"><span class=\"qwen-markdown-text\">Salon ex\u00e9cutif<\/span><\/strong><span class=\"qwen-markdown-text\"> Offrant un cadre raffin\u00e9 propice aux \u00e9changes informels, aux conversations priv\u00e9es ou au travail au calme, loin de l&#039;agitation du hall, cet espace exclusif constitue un v\u00e9ritable havre de paix pour les voyageurs d&#039;affaires souhaitant se ressourcer, consulter des documents ou savourer des rafra\u00eechissements offerts avant une pr\u00e9sentation importante. Il prolonge votre bureau, alliant confidentialit\u00e9 et accueil haut de gamme.<\/span><\/div><div class=\"qwen-markdown-space\">\u00a0<\/div><h2 class=\"qwen-markdown-heading\"><strong class=\"qwen-markdown-strong\"><span class=\"qwen-markdown-text\">Logistique, assistance et services intelligents<\/span><\/strong><\/h2><div class=\"qwen-markdown-paragraph\"><span class=\"qwen-markdown-text\">L&#039;efficacit\u00e9 est la pierre angulaire des voyages d&#039;affaires, et l&#039;IntercityHotel Zhuhai Hengqin Seaview tire parti de la technologie pour simplifier votre s\u00e9jour. L&#039;h\u00f4tel propose <\/span><strong class=\"qwen-markdown-strong\"><span class=\"qwen-markdown-text\">services assist\u00e9s par robot<\/span><\/strong><span class=\"qwen-markdown-text\">, garantissant ainsi que les livraisons et les demandes soient trait\u00e9es avec rapidit\u00e9 et pr\u00e9cision. Pour les \u00e9quipes arrivant en voiture, <\/span><strong class=\"qwen-markdown-strong\"><span class=\"qwen-markdown-text\">Parking priv\u00e9<\/span><\/strong><span class=\"qwen-markdown-text\"> est disponible, \u00e9liminant ainsi le stress li\u00e9 \u00e0 la s\u00e9curit\u00e9 du v\u00e9hicule. <\/span><\/div><div class=\"qwen-markdown-space\">\u00a0<\/div><div class=\"qwen-markdown-paragraph\"><span class=\"qwen-markdown-text\">Le <\/span><strong class=\"qwen-markdown-strong\"><span class=\"qwen-markdown-text\">Assistance \u00e0 la r\u00e9ception 24h\/24<\/span><\/strong><span class=\"qwen-markdown-text\"> garantit que, quel que soit votre fuseau horaire ou votre emploi du temps, une assistance est toujours disponible. Que vous ayez besoin d&#039;un enregistrement tardif, d&#039;une assistance pour vos d\u00e9placements t\u00f4t le matin ou d&#039;un soutien administratif, le personnel est form\u00e9 pour s&#039;adapter aux horaires charg\u00e9s des voyageurs d&#039;affaires internationaux. De plus, la proximit\u00e9 de <\/span><strong class=\"qwen-markdown-strong\"><span class=\"qwen-markdown-text\">Port de Hengqin<\/span><\/strong><span class=\"qwen-markdown-text\"> et le <\/span><strong class=\"qwen-markdown-strong\"><span class=\"qwen-markdown-text\">Centre commercial Huafa<\/span><\/strong><span class=\"qwen-markdown-text\"> Le quartier des affaires signifie que les r\u00e9unions avec les clients et les d\u00eeners d&#039;affaires sont \u00e0 deux pas.<\/span><\/div><div class=\"qwen-markdown-space\">\u00a0<\/div><h2 class=\"qwen-markdown-heading\"><strong class=\"qwen-markdown-strong\"><span class=\"qwen-markdown-text\">Un partenaire strat\u00e9gique \u00e0 Hengqin<\/span><\/strong><\/h2><div class=\"qwen-markdown-paragraph\" data-spm-anchor-id=\"a2ty_o01.29997173.0.i43.5af05171WijP63\"><span class=\"qwen-markdown-text\">Choisir le bon h\u00f4tel est une d\u00e9cision strat\u00e9gique pour les entreprises. Gr\u00e2ce \u00e0 sa combinaison d&#039;installations de r\u00e9union modernes, de chambres con\u00e7ues pour favoriser la productivit\u00e9 et d&#039;un emplacement privil\u00e9gi\u00e9 au sein de la <\/span><strong class=\"qwen-markdown-strong\"><span class=\"qwen-markdown-text\">\u00cele financi\u00e8re de Hengqin<\/span><\/strong><span class=\"qwen-markdown-text\">, L&#039;IntercityHotel Zhuhai Hengqin Seaview est bien plus qu&#039;un simple lieu d&#039;h\u00e9bergement\u00a0: c&#039;est un v\u00e9ritable partenaire pour la r\u00e9ussite de votre entreprise. Que vous d\u00e9veloppiez vos activit\u00e9s dans la r\u00e9gion de la Grande Baie ou g\u00e9riez des op\u00e9rations transfrontali\u00e8res, nos installations vous offrent les atouts n\u00e9cessaires pour atteindre vos objectifs professionnels \u00e0 Zhuhai.<\/span><\/div>\t\t\t\t\t\t\t\t<\/div>\n\t\t\t\t\t<\/div>\n\t\t\t\t<\/div>\n\t\t\t\t<\/div>","protected":false},"excerpt":{"rendered":"<p>Empower Your Corporate Journey: Business Facilities at IntercityHotel Zhuhai Hengqin SeaviewFor the modern corporate traveler, the right environment is the key to success. Situated in the thriving economic hub of the Hong Kong and Macao Financial Center, the IntercityHotel Zhuhai Hengqin Seaview stands as a premier destination for business professionals seeking efficiency, connectivity, and comfort. [&hellip;]<\/p>\n","protected":false},"author":1,"featured_media":0,"parent":0,"menu_order":0,"comment_status":"closed","ping_status":"closed","template":"elementor_header_footer","meta":{"footnotes":""},"class_list":["post-2109","page","type-page","status-publish","hentry","post-no-thumbnail"],"_links":{"self":[{"href":"https:\/\/hengqin-seaview.intercityhotelzhuhai.com\/fr\/wp-json\/wp\/v2\/pages\/2109","targetHints":{"allow":["GET"]}}],"collection":[{"href":"https:\/\/hengqin-seaview.intercityhotelzhuhai.com\/fr\/wp-json\/wp\/v2\/pages"}],"about":[{"href":"https:\/\/hengqin-seaview.intercityhotelzhuhai.com\/fr\/wp-json\/wp\/v2\/types\/page"}],"author":[{"embeddable":true,"href":"https:\/\/hengqin-seaview.intercityhotelzhuhai.com\/fr\/wp-json\/wp\/v2\/users\/1"}],"replies":[{"embeddable":true,"href":"https:\/\/hengqin-seaview.intercityhotelzhuhai.com\/fr\/wp-json\/wp\/v2\/comments?post=2109"}],"version-history":[{"count":0,"href":"https:\/\/hengqin-seaview.intercityhotelzhuhai.com\/fr\/wp-json\/wp\/v2\/pages\/2109\/revisions"}],"wp:attachment":[{"href":"https:\/\/hengqin-seaview.intercityhotelzhuhai.com\/fr\/wp-json\/wp\/v2\/media?parent=2109"}],"curies":[{"name":"wp","href":"https:\/\/api.w.org\/{rel}","templated":true}]}}