{"id":2105,"date":"2021-03-24T07:25:45","date_gmt":"2021-03-24T07:25:45","guid":{"rendered":"http:\/\/localhost\/nuss\/?page_id=235"},"modified":"2026-03-13T04:55:00","modified_gmt":"2026-03-13T04:55:00","slug":"faq","status":"publish","type":"page","link":"https:\/\/hengqin-seaview.intercityhotelzhuhai.com\/fr\/faqs\/","title":{"rendered":"Faqs"},"content":{"rendered":"<div data-elementor-type=\"wp-page\" data-elementor-id=\"2105\" class=\"elementor elementor-2105\">\n\t\t\t\t\t\t<section class=\"elementor-section elementor-top-section elementor-element elementor-element-2a96a73 elementor-section-boxed elementor-section-gap-beside-yes elementor-section-height-default elementor-section-height-default elementor-section-column-vertical-align-stretch\" data-id=\"2a96a73\" data-element_type=\"section\" data-e-type=\"section\">\n\t\t\t\t\t\t<div class=\"elementor-container elementor-column-gap-extended\">\n\t\t\t\t\t<div class=\"elementor-column elementor-col-100 elementor-top-column elementor-element elementor-element-98ef20c\" data-id=\"98ef20c\" data-element_type=\"column\" data-e-type=\"column\">\n\t\t\t<div class=\"elementor-widget-wrap elementor-element-populated\">\n\t\t\t\t\t\t<div class=\"elementor-element elementor-element-97088c0 elementor-widget__width-initial elementor-invisible elementor-widget elementor-widget-text-editor\" data-id=\"97088c0\" data-element_type=\"widget\" data-e-type=\"widget\" data-settings=\"{&quot;_animation&quot;:&quot;nussFadeInUp&quot;}\" data-widget_type=\"text-editor.default\">\n\t\t\t\t\t\t\t\t\t<p>Vous trouverez ci-dessous une liste des questions les plus fr\u00e9quemment pos\u00e9es par nos clients.<\/p>\t\t\t\t\t\t\t\t<\/div>\n\t\t\t\t\t<\/div>\n\t\t<\/div>\n\t\t\t\t\t<\/div>\n\t\t<\/section>\n\t\t\t\t<section class=\"elementor-section elementor-top-section elementor-element elementor-element-b184647 elementor-section-gap-beside-no elementor-section-boxed elementor-section-height-default elementor-section-height-default elementor-section-column-vertical-align-stretch\" data-id=\"b184647\" data-element_type=\"section\" data-e-type=\"section\">\n\t\t\t\t\t\t<div class=\"elementor-container elementor-column-gap-extended\">\n\t\t\t\t\t<div class=\"elementor-column elementor-col-100 elementor-top-column elementor-element elementor-element-1d49749\" data-id=\"1d49749\" data-element_type=\"column\" data-e-type=\"column\">\n\t\t\t<div class=\"elementor-widget-wrap elementor-element-populated\">\n\t\t\t\t\t\t<div class=\"elementor-element elementor-element-b986a9e elementor-invisible elementor-widget elementor-widget-nuss-heading\" data-id=\"b986a9e\" data-element_type=\"widget\" data-e-type=\"widget\" data-settings=\"{&quot;_animation&quot;:&quot;nussFadeInUp&quot;}\" data-widget_type=\"nuss-heading.default\">\n\t\t\t\t<div class=\"elementor-widget-container\">\n\t\t\t\t\t\t\t<div class=\"nuss-modern-heading\">\r\n\t\t\t\r\n\t\t\t\t\t\t<div class=\"heading-primary-wrap\">\r\n\t\t\t\t<h4 class=\"heading-primary elementor-heading-title\">FAQ<\/h4>\t\t\t<\/div>\r\n\t\t\r\n\t\t\t\t\t\t<div class=\"heading-divider-wrap\">\r\n\t\t\t\t<div class=\"heading-divider\" style=\"left: 0px;top: 6px\"><\/div>\r\n\t\t\t<\/div>\r\n\t\r\n\t\t\t\t\t<\/div>\r\n\t\t\t\t\t<\/div>\n\t\t\t\t<\/div>\n\t\t\t\t<div class=\"elementor-element elementor-element-50f0733 elementor-invisible elementor-widget elementor-widget-heading\" data-id=\"50f0733\" data-element_type=\"widget\" data-e-type=\"widget\" data-settings=\"{&quot;_animation&quot;:&quot;nussFadeInUp&quot;}\" data-widget_type=\"heading.default\">\n\t\t\t\t\t<h2 class=\"elementor-heading-title elementor-size-default\">Questions et r\u00e9ponses<\/h2>\t\t\t\t<\/div>\n\t\t\t\t\t<\/div>\n\t\t<\/div>\n\t\t\t\t\t<\/div>\n\t\t<\/section>\n\t\t<div class=\"elementor-element elementor-element-d860903 e-flex e-con-boxed e-con e-parent\" data-id=\"d860903\" data-element_type=\"container\" data-e-type=\"container\">\n\t\t\t\t\t<div class=\"e-con-inner\">\n\t\t\t\t<div class=\"elementor-element elementor-element-054e696 elementor-widget elementor-widget-text-editor\" data-id=\"054e696\" data-element_type=\"widget\" data-e-type=\"widget\" data-widget_type=\"text-editor.default\">\n\t\t\t\t\t\t\t\t\t<h2 class=\"qwen-markdown-heading\"><span class=\"qwen-markdown-text\">\ud83d\udccd Emplacement et accessibilit\u00e9<\/span><\/h2><h3 class=\"qwen-markdown-heading\"><span class=\"qwen-markdown-text\">1. O\u00f9 se situe l&#039;IntercityHotel Zhuhai Hengqin Seaview ?<\/span><\/h3><div class=\"qwen-markdown-paragraph\"><span class=\"qwen-markdown-text\">L&#039;h\u00f4tel est situ\u00e9 \u00e0 <\/span><strong class=\"qwen-markdown-strong\"><span class=\"qwen-markdown-text\">Centre financier de Hong Kong et de Macao, n\u00b0 539 Huitong 5th Road, ville de Hengqin, district de Xiangzhou, Zhuhai, Guangdong, Chine<\/span><\/strong><span class=\"qwen-markdown-text\">. Il est situ\u00e9 au c\u0153ur de l&#039;\u00eele financi\u00e8re de Hengqin, dans la zone coop\u00e9rative Hengqin-Macao.<\/span><\/div><div class=\"qwen-markdown-space\">\u00a0<\/div><h3 class=\"qwen-markdown-heading\"><span class=\"qwen-markdown-text\">2. \u00c0 quelle distance se trouve l&#039;h\u00f4tel du centre-ville de Macao\u00a0?<\/span><\/h3><div class=\"qwen-markdown-paragraph\"><span class=\"qwen-markdown-text\">L&#039;IntercityHotel Zhuhai Hengqin Seaview est d&#039;environ <\/span><strong class=\"qwen-markdown-strong\"><span class=\"qwen-markdown-text\">\u00c0 2,4 km du centre-ville de Macao<\/span><\/strong><span class=\"qwen-markdown-text\">. L&#039;h\u00f4tel fait face \u00e0 Macao, de l&#039;autre c\u00f4t\u00e9 de l&#039;eau, et offre une vue panoramique sur la ville et son embl\u00e8me, la tour de Macao.<\/span><\/div><div class=\"qwen-markdown-space\">\u00a0<\/div><h3 class=\"qwen-markdown-heading\"><span class=\"qwen-markdown-text\">3. \u00c0 quelle distance se trouve l&#039;h\u00f4tel du port de Hengqin\u00a0?<\/span><\/h3><div class=\"qwen-markdown-paragraph\"><span class=\"qwen-markdown-text\">L&#039;h\u00f4tel se trouve \u00e0 environ un <\/span><strong class=\"qwen-markdown-strong\"><span class=\"qwen-markdown-text\">\u00c0 3 minutes en voiture du port de Hengqin<\/span><\/strong><span class=\"qwen-markdown-text\">, assurant un d\u00e9douanement rapide et un acc\u00e8s direct \u00e0 Macao gr\u00e2ce \u00e0 une disponibilit\u00e9 des services de d\u00e9douanement 24 heures sur 24.<\/span><\/div><div class=\"qwen-markdown-space\">\u00a0<\/div><h3 class=\"qwen-markdown-heading\"><span class=\"qwen-markdown-text\">4. Quelles attractions touristiques \u00e0 proximit\u00e9 sont accessibles depuis l&#039;h\u00f4tel\u00a0?<\/span><\/h3><div class=\"qwen-markdown-paragraph\"><span class=\"qwen-markdown-text\">Les invit\u00e9s peuvent facilement acc\u00e9der <\/span><strong class=\"qwen-markdown-strong\"><span class=\"qwen-markdown-text\">Zhuhai Chimelong Ocean Kingdom (\u00e0 2 arr\u00eats)<\/span><\/strong><span class=\"qwen-markdown-text\">, <\/span><strong class=\"qwen-markdown-strong\"><span class=\"qwen-markdown-text\">Centre commercial Zhuhai Huafa (15 minutes \u00e0 pied)<\/span><\/strong><span class=\"qwen-markdown-text\">, et le <\/span><strong class=\"qwen-markdown-strong\"><span class=\"qwen-markdown-text\">Corridor de la Mer des Fleurs (\u00e0 2 minutes en voiture)<\/span><\/strong><span class=\"qwen-markdown-text\">. Le parc central de l&#039;\u00eele financi\u00e8re de Hengqin se trouve \u00e0 seulement 590 m de l&#039;h\u00f4tel.<\/span><\/div><div class=\"qwen-markdown-space\">\u00a0<\/div><h3 class=\"qwen-markdown-heading\"><span class=\"qwen-markdown-text\">5. \u00c0 quelle distance se trouve l&#039;h\u00f4tel de l&#039;a\u00e9roport ?<\/span><\/h3><div class=\"qwen-markdown-paragraph\"><span class=\"qwen-markdown-text\">L&#039;h\u00f4tel se trouve \u00e0 environ <\/span><strong class=\"qwen-markdown-strong\"><span class=\"qwen-markdown-text\">\u00c0 5,74 km de l&#039;a\u00e9roport international de Macao<\/span><\/strong><span class=\"qwen-markdown-text\"> et <\/span><strong class=\"qwen-markdown-strong\"><span class=\"qwen-markdown-text\">56,27 km de l&#039;a\u00e9roport de Zhuhai-Jinwan<\/span><\/strong><span class=\"qwen-markdown-text\">.<\/span><\/div><div class=\"qwen-markdown-space\">\u00a0<\/div><div class=\"qwen-markdown-hr\"><hr \/><\/div><div class=\"qwen-markdown-space\">\u00a0<\/div><h2 class=\"qwen-markdown-heading\"><span class=\"qwen-markdown-text\">\ud83c\udfe8 Arriv\u00e9e et d\u00e9part<\/span><\/h2><h3 class=\"qwen-markdown-heading\"><span class=\"qwen-markdown-text\">6. Quels sont les horaires d&#039;arriv\u00e9e et de d\u00e9part\u00a0?<\/span><\/h3><div class=\"qwen-markdown-paragraph\"><strong class=\"qwen-markdown-strong\"><span class=\"qwen-markdown-text\">L&#039;enregistrement se fait \u00e0 partir de 15h00.<\/span><\/strong><span class=\"qwen-markdown-text\"> et <\/span><strong class=\"qwen-markdown-strong\"><span class=\"qwen-markdown-text\">L&#039;heure de d\u00e9part est avant 12h00.<\/span><\/strong><span class=\"qwen-markdown-text\">. Des bornes d&#039;enregistrement \u00e9lectronique et d&#039;enregistrement automatique sont disponibles pour le confort des clients.<\/span><\/div><div class=\"qwen-markdown-space\">\u00a0<\/div><h3 class=\"qwen-markdown-heading\"><span class=\"qwen-markdown-text\">7. Est-il possible d&#039;arriver plus t\u00f4t ou de partir plus tard\u00a0?<\/span><\/h3><div class=\"qwen-markdown-paragraph\"><span class=\"qwen-markdown-text\">Les clients sont pri\u00e9s de contacter directement l&#039;h\u00f4tel pour se renseigner sur les possibilit\u00e9s d&#039;arriv\u00e9e anticip\u00e9e ou de d\u00e9part tardif, car celles-ci sont soumises \u00e0 disponibilit\u00e9 et peuvent entra\u00eener des frais suppl\u00e9mentaires.<\/span><\/div><div class=\"qwen-markdown-space\">\u00a0<\/div><h3 class=\"qwen-markdown-heading\"><span class=\"qwen-markdown-text\">8. Quels documents sont n\u00e9cessaires pour l&#039;enregistrement ?<\/span><\/h3><div class=\"qwen-markdown-paragraph\"><span class=\"qwen-markdown-text\">L&#039;h\u00f4tel propose <\/span><strong class=\"qwen-markdown-strong\"><span class=\"qwen-markdown-text\">enregistrement d&#039;identit\u00e9 \u00e9lectronique<\/span><\/strong><span class=\"qwen-markdown-text\"> L&#039;\u00e9tablissement accepte diff\u00e9rentes pi\u00e8ces d&#039;identit\u00e9. Des outils de traduction multilingues sont disponibles \u00e0 la r\u00e9ception pour assister les clients internationaux.<\/span><\/div><div class=\"qwen-markdown-space\">\u00a0<\/div><div class=\"qwen-markdown-hr\"><hr \/><\/div><div class=\"qwen-markdown-space\">\u00a0<\/div><h2 class=\"qwen-markdown-heading\"><span class=\"qwen-markdown-text\">\ud83d\udecf\ufe0f Chambres et h\u00e9bergements<\/span><\/h2><h3 class=\"qwen-markdown-heading\"><span class=\"qwen-markdown-text\">9. Quels types de chambres sont disponibles \u00e0 l&#039;h\u00f4tel ?<\/span><\/h3><div class=\"qwen-markdown-paragraph\"><span class=\"qwen-markdown-text\">L&#039;h\u00f4tel propose diff\u00e9rents types de chambres, notamment <\/span><strong class=\"qwen-markdown-strong\"><span class=\"qwen-markdown-text\">Suite ex\u00e9cutive interurbaine (85 m\u00b2)<\/span><\/strong><span class=\"qwen-markdown-text\">, <\/span><strong class=\"qwen-markdown-strong\"><span class=\"qwen-markdown-text\">Chambre King avec vue sur Macao (43 m\u00b2)<\/span><\/strong><span class=\"qwen-markdown-text\">, <\/span><strong class=\"qwen-markdown-strong\"><span class=\"qwen-markdown-text\">Salle familiale B.Duck avec \u00e9quipements B.Duck et t\u00e9l\u00e9viseur \u00e0 projection de 65 pouces (34 m\u00b2)<\/span><\/strong><span class=\"qwen-markdown-text\">, et des chambres avec <\/span><strong class=\"qwen-markdown-strong\"><span class=\"qwen-markdown-text\">Vues sur la mer \u00e0 180 degr\u00e9s \u00e0 270 degr\u00e9s<\/span><\/strong><span class=\"qwen-markdown-text\">.<\/span><\/div><div class=\"qwen-markdown-space\">\u00a0<\/div><h3 class=\"qwen-markdown-heading\"><span class=\"qwen-markdown-text\">10. Les chambres offrent-elles une vue sur la mer\u00a0?<\/span><\/h3><div class=\"qwen-markdown-paragraph\"><span class=\"qwen-markdown-text\">Oui, de nombreuses chambres sont \u00e9quip\u00e9es <\/span><strong class=\"qwen-markdown-strong\"><span class=\"qwen-markdown-text\">vues panoramiques sur la mer face \u00e0 Macao<\/span><\/strong><span class=\"qwen-markdown-text\">, avec quelques offres <\/span><strong class=\"qwen-markdown-strong\"><span class=\"qwen-markdown-text\">Vues panoramiques sur la mer de 180 \u00e0 270 degr\u00e9s<\/span><\/strong><span class=\"qwen-markdown-text\">. Depuis certaines chambres, les clients peuvent apercevoir le Grand Lisbonne et le pont Hong Kong-Zhuhai-Macao.<\/span><\/div><div class=\"qwen-markdown-space\">\u00a0<\/div><h3 class=\"qwen-markdown-heading\"><span class=\"qwen-markdown-text\">11. Des chambres adapt\u00e9es aux familles sont-elles disponibles ?<\/span><\/h3><div class=\"qwen-markdown-paragraph\"><span class=\"qwen-markdown-text\">Oui, l&#039;h\u00f4tel propose <\/span><strong class=\"qwen-markdown-strong\"><span class=\"qwen-markdown-text\">Chambres familiales B.Duck<\/span><\/strong><span class=\"qwen-markdown-text\"> Sp\u00e9cialement con\u00e7u pour les familles avec enfants, il propose des \u00e9quipements B.Duck, des t\u00e9l\u00e9viseurs \u00e0 projection de 65 pouces et des installations adapt\u00e9es aux enfants.<\/span><\/div><div class=\"qwen-markdown-space\">\u00a0<\/div><h3 class=\"qwen-markdown-heading\"><span class=\"qwen-markdown-text\">12. Les enfants peuvent-ils s\u00e9journer \u00e0 l&#039;h\u00f4tel ?<\/span><\/h3><div class=\"qwen-markdown-paragraph\"><strong class=\"qwen-markdown-strong\"><span class=\"qwen-markdown-text\">Les enfants sont les bienvenus dans cet h\u00f4tel.<\/span><\/strong><span class=\"qwen-markdown-text\">. Les enfants de moins d&#039;un an peuvent s\u00e9journer gratuitement dans la literie existante. Des lits d&#039;appoint et des lits b\u00e9b\u00e9 sont disponibles sur demande\u00a0; veuillez contacter l&#039;h\u00f4tel pour plus d&#039;informations.<\/span><\/div><div class=\"qwen-markdown-space\">\u00a0<\/div><div class=\"qwen-markdown-hr\"><hr \/><\/div><div class=\"qwen-markdown-space\">\u00a0<\/div><h2 class=\"qwen-markdown-heading\"><span class=\"qwen-markdown-text\">\ud83c\udf7d\ufe0f Restauration et petit-d\u00e9jeuner<\/span><\/h2><h3 class=\"qwen-markdown-heading\"><span class=\"qwen-markdown-text\">13. L&#039;h\u00f4tel poss\u00e8de-t-il un restaurant ?<\/span><\/h3><div class=\"qwen-markdown-paragraph\"><strong class=\"qwen-markdown-strong\"><span class=\"qwen-markdown-text\">Oui, l&#039;h\u00f4tel propose plusieurs options de restauration.<\/span><\/strong><span class=\"qwen-markdown-text\"> y compris un <\/span><strong class=\"qwen-markdown-strong\"><span class=\"qwen-markdown-text\">Restaurant avec vue panoramique \u00e0 360 degr\u00e9s sur la mer<\/span><\/strong><span class=\"qwen-markdown-text\">, <\/span><strong class=\"qwen-markdown-strong\"><span class=\"qwen-markdown-text\">caf\u00e9<\/span><\/strong><span class=\"qwen-markdown-text\">, <\/span><strong class=\"qwen-markdown-strong\"><span class=\"qwen-markdown-text\">bar du hall<\/span><\/strong><span class=\"qwen-markdown-text\">, et un bar proposant <\/span><strong class=\"qwen-markdown-strong\"><span class=\"qwen-markdown-text\">bi\u00e8res artisanales authentiques de style munichois<\/span><\/strong><span class=\"qwen-markdown-text\">. L&#039;h\u00f4tel compte 3 restaurants et 2 caf\u00e9s.<\/span><\/div><div class=\"qwen-markdown-space\">\u00a0<\/div><h3 class=\"qwen-markdown-heading\"><span class=\"qwen-markdown-text\">14. Quelles sont les options de petit-d\u00e9jeuner disponibles ?<\/span><\/h3><div class=\"qwen-markdown-paragraph\"><span class=\"qwen-markdown-text\">L&#039;h\u00f4tel propose les deux <\/span><strong class=\"qwen-markdown-strong\"><span class=\"qwen-markdown-text\">Petit-d\u00e9jeuner occidental et chinois<\/span><\/strong><span class=\"qwen-markdown-text\"> options. Le petit-d\u00e9jeuner est servi \u00e0 partir de <\/span><strong class=\"qwen-markdown-strong\"><span class=\"qwen-markdown-text\">6h30-11h00 le week-end<\/span><\/strong><span class=\"qwen-markdown-text\"> et <\/span><strong class=\"qwen-markdown-strong\"><span class=\"qwen-markdown-text\">6h30-10h00 en semaine<\/span><\/strong><span class=\"qwen-markdown-text\">.<\/span><\/div><div class=\"qwen-markdown-space\">\u00a0<\/div><h3 class=\"qwen-markdown-heading\"><span class=\"qwen-markdown-text\">15. Combien co\u00fbte le petit-d\u00e9jeuner ?<\/span><\/h3><div class=\"qwen-markdown-paragraph\"><span class=\"qwen-markdown-text\">Le petit-d\u00e9jeuner co\u00fbte environ <\/span><strong class=\"qwen-markdown-strong\"><span class=\"qwen-markdown-text\">9 \u00a3 (\u2248 78 CNY) par personne<\/span><\/strong><span class=\"qwen-markdown-text\">.<\/span><\/div><div class=\"qwen-markdown-space\">\u00a0<\/div><div class=\"qwen-markdown-hr\"><hr \/><\/div><div class=\"qwen-markdown-space\">\u00a0<\/div><h2 class=\"qwen-markdown-heading\"><span class=\"qwen-markdown-text\">\ud83c\udfcb\ufe0f \u00c9quipements et services<\/span><\/h2><h3 class=\"qwen-markdown-heading\"><span class=\"qwen-markdown-text\">16. Quelles sont les installations propos\u00e9es par l&#039;h\u00f4tel ?<\/span><\/h3><div class=\"qwen-markdown-paragraph\"><span class=\"qwen-markdown-text\">L&#039;h\u00f4tel dispose d&#039;un <\/span><strong class=\"qwen-markdown-strong\"><span class=\"qwen-markdown-text\">Centre de remise en forme libre-service gratuit ouvert 24h\/24<\/span><\/strong><span class=\"qwen-markdown-text\">, <\/span><strong class=\"qwen-markdown-strong\"><span class=\"qwen-markdown-text\">Laverie automatique ouverte 24h\/24 (gratuite)<\/span><\/strong><span class=\"qwen-markdown-text\">, <\/span><strong class=\"qwen-markdown-strong\"><span class=\"qwen-markdown-text\">consigne \u00e0 bagages (gratuite)<\/span><\/strong><span class=\"qwen-markdown-text\">, <\/span><strong class=\"qwen-markdown-strong\"><span class=\"qwen-markdown-text\">R\u00e9ception ouverte 24h\/24<\/span><\/strong><span class=\"qwen-markdown-text\">, et <\/span><strong class=\"qwen-markdown-strong\"><span class=\"qwen-markdown-text\">service robotique<\/span><\/strong><span class=\"qwen-markdown-text\">. L&#039;\u00e9tablissement propose \u00e9galement le Wi-Fi, la climatisation, des salles de r\u00e9union, des salles polyvalentes et un centre d&#039;affaires.<\/span><\/div><div class=\"qwen-markdown-space\">\u00a0<\/div><h3 class=\"qwen-markdown-heading\"><span class=\"qwen-markdown-text\">17. Y a-t-il un parking disponible \u00e0 l&#039;h\u00f4tel ?<\/span><\/h3><div class=\"qwen-markdown-paragraph\"><span class=\"qwen-markdown-text\">Selon certaines sources, <\/span><strong class=\"qwen-markdown-strong\"><span class=\"qwen-markdown-text\">Les informations sur le stationnement varient<\/span><\/strong><span class=\"qwen-markdown-text\"> \u2013 Les clients sont pri\u00e9s de contacter directement l&#039;h\u00f4tel pour confirmer la disponibilit\u00e9 actuelle du parking et les frais \u00e9ventuels.<\/span><\/div><div class=\"qwen-markdown-space\">\u00a0<\/div><h3 class=\"qwen-markdown-heading\"><span class=\"qwen-markdown-text\">18. Le Wi-Fi est-il disponible ?<\/span><\/h3><div class=\"qwen-markdown-paragraph\"><strong class=\"qwen-markdown-strong\"><span class=\"qwen-markdown-text\">Oui, le Wi-Fi est disponible.<\/span><\/strong><span class=\"qwen-markdown-text\"> dans tout l&#039;h\u00f4tel, y compris dans les espaces communs et les chambres.<\/span><\/div><div class=\"qwen-markdown-space\">\u00a0<\/div><div class=\"qwen-markdown-hr\"><hr \/><\/div><div class=\"qwen-markdown-space\">\u00a0<\/div><h2 class=\"qwen-markdown-heading\"><span class=\"qwen-markdown-text\">\ud83d\udc3e Politiques et paiements<\/span><\/h2><h3 class=\"qwen-markdown-heading\"><span class=\"qwen-markdown-text\">19. Les animaux domestiques sont-ils admis \u00e0 l&#039;h\u00f4tel\u00a0?<\/span><\/h3><div class=\"qwen-markdown-paragraph\"><strong class=\"qwen-markdown-strong\"><span class=\"qwen-markdown-text\">Non, les animaux de compagnie ne sont pas admis.<\/span><\/strong><span class=\"qwen-markdown-text\"> \u00e0 l&#039;h\u00f4tel IntercityHotel Zhuhai Hengqin Seaview.<\/span><\/div><div class=\"qwen-markdown-space\">\u00a0<\/div><h3 class=\"qwen-markdown-heading\"><span class=\"qwen-markdown-text\">20. Quels sont les modes de paiement accept\u00e9s ?<\/span><\/h3><div class=\"qwen-markdown-paragraph\"><span class=\"qwen-markdown-text\">L&#039;h\u00f4tel accepte plusieurs modes de paiement, notamment <\/span><strong class=\"qwen-markdown-strong\"><span class=\"qwen-markdown-text\">UnionPay QuickPass, esp\u00e8ces, PayPal<\/span><\/strong><span class=\"qwen-markdown-text\">, et d&#039;autres options de paiement importantes.<\/span><\/div><div class=\"qwen-markdown-space\">\u00a0<\/div><div class=\"qwen-markdown-hr\"><hr \/><\/div><div class=\"qwen-markdown-space\">\u00a0<\/div><h2 class=\"qwen-markdown-heading\"><span class=\"qwen-markdown-text\">\ud83d\udcde Informations compl\u00e9mentaires<\/span><\/h2><div class=\"qwen-markdown-table-wrapper\"><div class=\"qwen-markdown-table-header\"><div class=\"qwen-markdown-table-header-action-item\">\u00a0<\/div><\/div><div class=\"qwen-markdown-table-scroll-wrapper\"><table class=\"qwen-markdown-table\"><thead class=\"qwen-markdown-table-thead\"><tr class=\"qwen-markdown-table-thead-tr\"><th class=\"qwen-markdown-table-thead-tr-th\" scope=\"col\"><div class=\"qwen-markdown-table-thead-tr-th-col\"><span class=\"qwen-markdown-text\">Cat\u00e9gorie<\/span><\/div><\/th><th class=\"qwen-markdown-table-thead-tr-th\" scope=\"col\"><div class=\"qwen-markdown-table-thead-tr-th-col\"><span class=\"qwen-markdown-text\">D\u00e9tails<\/span><\/div><\/th><\/tr><\/thead><tbody class=\"qwen-markdown-table-tbody\"><tr class=\"qwen-markdown-table-tbody-tr\"><td class=\"qwen-markdown-table-tbody-tr-td\"><div class=\"qwen-markdown-table-tbody-tr-td-col\"><strong class=\"qwen-markdown-strong\"><span class=\"qwen-markdown-text\">Note de l&#039;h\u00f4tel<\/span><\/strong><\/div><\/td><td class=\"qwen-markdown-table-tbody-tr-td\"><div class=\"qwen-markdown-table-tbody-tr-td-col\"><span class=\"qwen-markdown-text\">9,7\/10 Excellent (sur la base de plus de 1\u00a0578 avis)<\/span><\/div><\/td><\/tr><tr class=\"qwen-markdown-table-tbody-tr\"><td class=\"qwen-markdown-table-tbody-tr-td\"><div class=\"qwen-markdown-table-tbody-tr-td-col\"><strong class=\"qwen-markdown-strong\"><span class=\"qwen-markdown-text\">Marque h\u00f4teli\u00e8re<\/span><\/strong><\/div><\/td><td class=\"qwen-markdown-table-tbody-tr-td\"><div class=\"qwen-markdown-table-tbody-tr-td-col\"><span class=\"qwen-markdown-text\">Marque haut de gamme du groupe Huazhu, issue de Deutsche Hospitality (DH)<\/span><\/div><\/td><\/tr><tr class=\"qwen-markdown-table-tbody-tr\"><td class=\"qwen-markdown-table-tbody-tr-td\"><div class=\"qwen-markdown-table-tbody-tr-td-col\"><strong class=\"qwen-markdown-strong\"><span class=\"qwen-markdown-text\">Philosophie de service<\/span><\/strong><\/div><\/td><td class=\"qwen-markdown-table-tbody-tr-td\"><div class=\"qwen-markdown-table-tbody-tr-td-col\"><span class=\"qwen-markdown-text\">\u201c Haute qualit\u00e9, haute efficacit\u00e9 et grande valeur \u201d, avec une philosophie d&#039;inspiration allemande.<\/span><\/div><\/td><\/tr><tr class=\"qwen-markdown-table-tbody-tr\"><td class=\"qwen-markdown-table-tbody-tr-td\"><div class=\"qwen-markdown-table-tbody-tr-td-col\"><strong class=\"qwen-markdown-strong\"><span class=\"qwen-markdown-text\">R\u00e9ception<\/span><\/strong><\/div><\/td><td class=\"qwen-markdown-table-tbody-tr-td\"><div class=\"qwen-markdown-table-tbody-tr-td-col\"><span class=\"qwen-markdown-text\">R\u00e9ception ouverte 24h\/24 avec assistance multilingue<\/span><\/div><\/td><\/tr><tr class=\"qwen-markdown-table-tbody-tr\"><td class=\"qwen-markdown-table-tbody-tr-td\"><div class=\"qwen-markdown-table-tbody-tr-td-col\"><strong class=\"qwen-markdown-strong\"><span class=\"qwen-markdown-text\">Services sp\u00e9ciaux<\/span><\/strong><\/div><\/td><td class=\"qwen-markdown-table-tbody-tr-td\"><div class=\"qwen-markdown-table-tbody-tr-td-col\"><span class=\"qwen-markdown-text\">Service de r\u00e9servation de taxis, service de robots, bornes d&#039;enregistrement automatique<\/span><\/div><\/td><\/tr><\/tbody><\/table><\/div><\/div><div class=\"qwen-markdown-hr\"><hr \/><\/div><div class=\"qwen-markdown-space\">\u00a0<\/div><h2 class=\"qwen-markdown-heading\"><span class=\"qwen-markdown-text\">\ud83d\udca1 Conseils aux invit\u00e9s<\/span><\/h2><ul class=\"qwen-markdown-list\" dir=\"auto\"><li><strong class=\"qwen-markdown-strong\"><span class=\"qwen-markdown-text\">Meilleures vues<\/span><\/strong><span class=\"qwen-markdown-text\">Demandez une chambre avec vue panoramique sur la mer \u00e0 270 degr\u00e9s pour profiter d&#039;une vue imprenable sur Macao.<\/span><\/li><li><strong class=\"qwen-markdown-strong\"><span class=\"qwen-markdown-text\">Achats<\/span><\/strong><span class=\"qwen-markdown-text\">Le centre commercial Zhuhai Huafa Mall, id\u00e9al pour le shopping et la restauration, est \u00e0 15 minutes \u00e0 pied.<\/span><\/li><li><strong class=\"qwen-markdown-strong\"><span class=\"qwen-markdown-text\">Parcs d&#039;attractions<\/span><\/strong><span class=\"qwen-markdown-text\">Le parc oc\u00e9anique Chimelong est accessible en 7 minutes par train interurbain.<\/span><\/li><li><strong class=\"qwen-markdown-strong\"><span class=\"qwen-markdown-text\">Voyages transfrontaliers<\/span><\/strong><span class=\"qwen-markdown-text\">Tirez parti du d\u00e9douanement en 24 heures du port de Hengqin pour un acc\u00e8s facile \u00e0 Macao<\/span><\/li><li><strong class=\"qwen-markdown-strong\"><span class=\"qwen-markdown-text\">Petit-d\u00e9jeuner<\/span><\/strong><span class=\"qwen-markdown-text\">De nombreux clients appr\u00e9cient particuli\u00e8rement le choix du petit-d\u00e9jeuner, avec de bonnes options chinoises et occidentales.<\/span><\/li><\/ul>\t\t\t\t\t\t\t\t<\/div>\n\t\t\t\t\t<\/div>\n\t\t\t\t<\/div>\n\t\t\t\t<\/div>","protected":false},"excerpt":{"rendered":"<p>Below, you will find a list of the questions most frequently asked by our guests. FAQ&#8217;S Questions &amp; Answers \ud83d\udccd Location &amp; Accessibility 1. Where is IntercityHotel Zhuhai Hengqin Seaview located? The hotel is located at Hong Kong and Macao Financial Center, No. 539 Huitong 5th Road, Hengqin Town, Xiangzhou District, Zhuhai, Guangdong, China. It [&hellip;]<\/p>\n","protected":false},"author":1,"featured_media":0,"parent":0,"menu_order":0,"comment_status":"closed","ping_status":"closed","template":"elementor_header_footer","meta":{"footnotes":""},"class_list":["post-2105","page","type-page","status-publish","hentry","post-no-thumbnail"],"_links":{"self":[{"href":"https:\/\/hengqin-seaview.intercityhotelzhuhai.com\/fr\/wp-json\/wp\/v2\/pages\/2105","targetHints":{"allow":["GET"]}}],"collection":[{"href":"https:\/\/hengqin-seaview.intercityhotelzhuhai.com\/fr\/wp-json\/wp\/v2\/pages"}],"about":[{"href":"https:\/\/hengqin-seaview.intercityhotelzhuhai.com\/fr\/wp-json\/wp\/v2\/types\/page"}],"author":[{"embeddable":true,"href":"https:\/\/hengqin-seaview.intercityhotelzhuhai.com\/fr\/wp-json\/wp\/v2\/users\/1"}],"replies":[{"embeddable":true,"href":"https:\/\/hengqin-seaview.intercityhotelzhuhai.com\/fr\/wp-json\/wp\/v2\/comments?post=2105"}],"version-history":[{"count":0,"href":"https:\/\/hengqin-seaview.intercityhotelzhuhai.com\/fr\/wp-json\/wp\/v2\/pages\/2105\/revisions"}],"wp:attachment":[{"href":"https:\/\/hengqin-seaview.intercityhotelzhuhai.com\/fr\/wp-json\/wp\/v2\/media?parent=2105"}],"curies":[{"name":"wp","href":"https:\/\/api.w.org\/{rel}","templated":true}]}}