{"id":5266,"date":"2021-07-18T08:03:35","date_gmt":"2021-07-18T08:03:35","guid":{"rendered":"https:\/\/nuss.uxper.co\/luxury-resort\/?page_id=5266"},"modified":"2026-03-13T04:56:37","modified_gmt":"2026-03-13T04:56:37","slug":"sobre-nosotros","status":"publish","type":"page","link":"https:\/\/hengqin-seaview.intercityhotelzhuhai.com\/es\/about-us\/","title":{"rendered":"Sobre nosotros"},"content":{"rendered":"<div data-elementor-type=\"wp-page\" data-elementor-id=\"5266\" class=\"elementor elementor-5266\">\n\t\t\t\t\t\t<section class=\"elementor-section elementor-top-section elementor-element elementor-element-10416953 elementor-section-boxed elementor-section-gap-beside-yes elementor-section-height-default elementor-section-height-default elementor-section-column-vertical-align-stretch\" data-id=\"10416953\" data-element_type=\"section\" data-e-type=\"section\">\n\t\t\t\t\t\t<div class=\"elementor-container elementor-column-gap-extended\">\n\t\t\t\t\t<div class=\"elementor-column elementor-col-100 elementor-top-column elementor-element elementor-element-29c6aa8\" data-id=\"29c6aa8\" data-element_type=\"column\" data-e-type=\"column\">\n\t\t\t<div class=\"elementor-widget-wrap elementor-element-populated\">\n\t\t\t\t\t\t<div class=\"elementor-element elementor-element-7be18fe7 elementor-widget__width-initial elementor-invisible elementor-widget elementor-widget-text-editor\" data-id=\"7be18fe7\" data-element_type=\"widget\" data-e-type=\"widget\" data-settings=\"{&quot;_animation&quot;:&quot;nussFadeInUp&quot;}\" data-widget_type=\"text-editor.default\">\n\t\t\t\t\t\t\t\t\tDisfrute de vistas y comodidad inigualables en el IntercityHotel Zhuhai Hengqin Seaview.\t\t\t\t\t\t\t\t<\/div>\n\t\t\t\t\t<\/div>\n\t\t<\/div>\n\t\t\t\t\t<\/div>\n\t\t<\/section>\n\t\t\t\t<section class=\"elementor-section elementor-top-section elementor-element elementor-element-7d18327f elementor-section-boxed elementor-section-gap-beside-yes elementor-section-height-default elementor-section-height-default elementor-section-column-vertical-align-stretch\" data-id=\"7d18327f\" data-element_type=\"section\" data-e-type=\"section\">\n\t\t\t\t\t\t<div class=\"elementor-container elementor-column-gap-extended\">\n\t\t\t\t\t<div class=\"elementor-column elementor-col-50 elementor-top-column elementor-element elementor-element-56533670\" data-id=\"56533670\" data-element_type=\"column\" data-e-type=\"column\">\n\t\t\t<div class=\"elementor-widget-wrap elementor-element-populated\">\n\t\t\t\t\t\t<div class=\"elementor-element elementor-element-19c3f543 elementor-invisible elementor-widget elementor-widget-text-editor\" data-id=\"19c3f543\" data-element_type=\"widget\" data-e-type=\"widget\" data-settings=\"{&quot;_animation&quot;:&quot;nussFadeInUp&quot;}\" data-widget_type=\"text-editor.default\">\n\t\t\t\t\t\t\t\t\t<div class=\"qwen-markdown-paragraph\"><span class=\"qwen-markdown-text\">Descubra la c\u00faspide de la hospitalidad moderna en el <\/span><strong class=\"qwen-markdown-strong\"><span class=\"qwen-markdown-text\">IntercityHotel Zhuhai Hengqin Seaview<\/span><\/strong><span class=\"qwen-markdown-text\">, un alojamiento de primera categor\u00eda ubicado en la din\u00e1mica <\/span><strong class=\"qwen-markdown-strong\"><span class=\"qwen-markdown-text\">Centro Financiero de Hong Kong y Macao<\/span><\/strong><span class=\"qwen-markdown-text\">. Situado en <\/span><strong class=\"qwen-markdown-strong\"><span class=\"qwen-markdown-text\">No. 539 Huitong 5th Road, ciudad de Hengqin, distrito de Xiangzhou, Zhuhai, Guangdong, China<\/span><\/strong><span class=\"qwen-markdown-text\" data-spm-anchor-id=\"a2ty_o01.29997173.0.i35.5af05171WijP63\">, Este flamante establecimiento, inaugurado en 2025, est\u00e1 dise\u00f1ado para viajeros que no est\u00e1n dispuestos a renunciar a la ubicaci\u00f3n ni al lujo.<\/span><\/div><div class=\"qwen-markdown-space\">\u00a0<\/div><div class=\"qwen-markdown-paragraph\"><span class=\"qwen-markdown-text\">Con una ubicaci\u00f3n ideal tanto para hu\u00e9spedes de negocios como de ocio, el hotel ofrece impresionantes vistas panor\u00e1micas de la <\/span><strong class=\"qwen-markdown-strong\"><span class=\"qwen-markdown-text\">Torre de Macao<\/span><\/strong><span class=\"qwen-markdown-text\"> y las aguas circundantes. Los hu\u00e9spedes est\u00e1n a solo unos minutos de <\/span><strong class=\"qwen-markdown-strong\"><span class=\"qwen-markdown-text\">Puerto de Hengqin<\/span><\/strong><span class=\"qwen-markdown-text\"> y a tan solo tres minutos a pie de <\/span><strong class=\"qwen-markdown-strong\"><span class=\"qwen-markdown-text\">Centro Comercial Huafa<\/span><\/strong><span class=\"qwen-markdown-text\">, Garantizamos una conectividad y comodidad excepcionales. Tanto si cruza la frontera por trabajo como si explora la regi\u00f3n por placer, nuestra ubicaci\u00f3n estrat\u00e9gica le ofrece la puerta de entrada perfecta a Zhuhai y Macao.<\/span><\/div>\t\t\t\t\t\t\t\t<\/div>\n\t\t\t\t\t<\/div>\n\t\t<\/div>\n\t\t\t\t<div class=\"elementor-column elementor-col-50 elementor-top-column elementor-element elementor-element-30f14127\" data-id=\"30f14127\" data-element_type=\"column\" data-e-type=\"column\">\n\t\t\t<div class=\"elementor-widget-wrap elementor-element-populated\">\n\t\t\t\t\t\t<div class=\"elementor-element elementor-element-b56876d elementor-widget elementor-widget-image\" data-id=\"b56876d\" data-element_type=\"widget\" data-e-type=\"widget\" data-widget_type=\"image.default\">\n\t\t\t\t\t\t\t\t\t\t\t\t\t\t\t<img fetchpriority=\"high\" decoding=\"async\" width=\"568\" height=\"853\" src=\"https:\/\/hengqin-seaview.intercityhotelzhuhai.com\/wp-content\/uploads\/2026\/03\/IntercityHotel-Zhuhai-Hengqin-Seaview-68.webp\" class=\"attachment-large size-large wp-image-5670\" alt=\"\" srcset=\"https:\/\/hengqin-seaview.intercityhotelzhuhai.com\/wp-content\/uploads\/2026\/03\/IntercityHotel-Zhuhai-Hengqin-Seaview-68.webp 568w, https:\/\/hengqin-seaview.intercityhotelzhuhai.com\/wp-content\/uploads\/2026\/03\/IntercityHotel-Zhuhai-Hengqin-Seaview-68-200x300.webp 200w\" sizes=\"(max-width: 568px) 100vw, 568px\" \/>\t\t\t\t\t\t\t\t\t\t\t\t\t\t\t<\/div>\n\t\t\t\t\t<\/div>\n\t\t<\/div>\n\t\t\t\t\t<\/div>\n\t\t<\/section>\n\t\t\t\t<section class=\"elementor-section elementor-top-section elementor-element elementor-element-29fb8578 elementor-section-height-min-height elementor-section-stretched elementor-section-full_width elementor-section-items-stretch elementor-section-height-default elementor-section-column-vertical-align-stretch\" data-id=\"29fb8578\" data-element_type=\"section\" data-e-type=\"section\" data-settings=\"{&quot;stretch_section&quot;:&quot;section-stretched&quot;}\">\n\t\t\t\t\t\t<div class=\"elementor-container elementor-column-gap-no\">\n\t\t\t\t\t<div class=\"elementor-column elementor-col-50 elementor-top-column elementor-element elementor-element-40ac270b\" data-id=\"40ac270b\" data-element_type=\"column\" data-e-type=\"column\">\n\t\t\t<div class=\"elementor-widget-wrap elementor-element-populated\">\n\t\t\t\t\t\t<div class=\"elementor-element elementor-element-20872773 elementor-widget__width-initial elementor-widget-mobile__width-inherit elementor-invisible nuss-elementor-loading nuss-slide-in-right elementor-widget elementor-widget-image\" data-id=\"20872773\" data-element_type=\"widget\" data-e-type=\"widget\" data-settings=\"{&quot;_animation&quot;:&quot;nussSlideInRight&quot;}\" data-widget_type=\"image.default\">\n\t\t\t\t\t\t\t\t\t\t\t\t\t\t\t<img decoding=\"async\" width=\"1280\" height=\"853\" src=\"https:\/\/hengqin-seaview.intercityhotelzhuhai.com\/wp-content\/uploads\/2026\/03\/IntercityHotel-Zhuhai-Hengqin-Seaview-41.webp\" class=\"attachment-full size-full wp-image-5643\" alt=\"\" srcset=\"https:\/\/hengqin-seaview.intercityhotelzhuhai.com\/wp-content\/uploads\/2026\/03\/IntercityHotel-Zhuhai-Hengqin-Seaview-41.webp 1280w, https:\/\/hengqin-seaview.intercityhotelzhuhai.com\/wp-content\/uploads\/2026\/03\/IntercityHotel-Zhuhai-Hengqin-Seaview-41-300x200.webp 300w, https:\/\/hengqin-seaview.intercityhotelzhuhai.com\/wp-content\/uploads\/2026\/03\/IntercityHotel-Zhuhai-Hengqin-Seaview-41-1024x682.webp 1024w, https:\/\/hengqin-seaview.intercityhotelzhuhai.com\/wp-content\/uploads\/2026\/03\/IntercityHotel-Zhuhai-Hengqin-Seaview-41-768x512.webp 768w\" sizes=\"(max-width: 1280px) 100vw, 1280px\" \/>\t\t\t\t\t\t\t\t\t\t\t\t\t\t\t<\/div>\n\t\t\t\t\t<\/div>\n\t\t<\/div>\n\t\t\t\t<div class=\"elementor-column elementor-col-50 elementor-top-column elementor-element elementor-element-2dac103\" data-id=\"2dac103\" data-element_type=\"column\" data-e-type=\"column\">\n\t\t\t<div class=\"elementor-widget-wrap elementor-element-populated\">\n\t\t\t\t\t\t<div class=\"elementor-element elementor-element-6f1b8966 elementor-invisible elementor-widget elementor-widget-text-editor\" data-id=\"6f1b8966\" data-element_type=\"widget\" data-e-type=\"widget\" data-settings=\"{&quot;_animation&quot;:&quot;nussFadeInUp&quot;}\" data-widget_type=\"text-editor.default\">\n\t\t\t\t\t\t\t\t\t<div class=\"qwen-markdown-paragraph\"><span class=\"qwen-markdown-text\" data-spm-anchor-id=\"a2ty_o01.29997173.0.i38.5af05171WijP63\">Nuestros alojamientos est\u00e1n cuidadosamente dise\u00f1ados para satisfacer todas las necesidades. Elija entre amplias <\/span><strong class=\"qwen-markdown-strong\"><span class=\"qwen-markdown-text\">Suites ejecutivas de 85 m\u00b2<\/span><\/strong><span class=\"qwen-markdown-text\">, <\/span><strong class=\"qwen-markdown-strong\"><span class=\"qwen-markdown-text\">Habitaciones King con vistas a Macao de 43 m\u00b2<\/span><\/strong><span class=\"qwen-markdown-text\">, o el \u00fanico <\/span><strong class=\"qwen-markdown-strong\"><span class=\"qwen-markdown-text\">Habitaciones familiares B.Duck de 34 m\u00b2<\/span><\/strong><span class=\"qwen-markdown-text\">, equipado con comodidades para ni\u00f1os y televisores de proyecci\u00f3n de 65 pulgadas. Cada habitaci\u00f3n cuenta con amplios escritorios, iluminaci\u00f3n agradable a la vista y Wi-Fi de alta velocidad optimizado para videoconferencias, lo que lo convierte en una opci\u00f3n principal para <\/span><strong class=\"qwen-markdown-strong\"><span class=\"qwen-markdown-text\">viajeros de negocios en Zhuhai<\/span><\/strong><span class=\"qwen-markdown-text\">. Despi\u00e9rtese cada d\u00eda con magn\u00edficas vistas al mar que redefinir\u00e1n su estancia.<\/span><\/div><div class=\"qwen-markdown-space\">\u00a0<\/div><div class=\"qwen-markdown-paragraph\"><span class=\"qwen-markdown-text\" data-spm-anchor-id=\"a2ty_o01.29997173.0.i37.5af05171WijP63\">La gastronom\u00eda y los servicios elevan a\u00fan m\u00e1s la experiencia. Disfrute de una experiencia aut\u00e9ntica. <\/span><strong class=\"qwen-markdown-strong\"><span class=\"qwen-markdown-text\">Cervezas artesanales al estilo de M\u00fanich<\/span><\/strong><span class=\"qwen-markdown-text\"> y exquisita cocina china en nuestro restaurante con vistas al mar de 360 grados. Las comodidades adicionales incluyen un <\/span><strong class=\"qwen-markdown-strong\"><span class=\"qwen-markdown-text\">Gimnasio gratuito abierto las 24 horas<\/span><\/strong><span class=\"qwen-markdown-text\">, Con servicio de lavander\u00eda gratuito, atenci\u00f3n rob\u00f3tica y salas de reuniones vers\u00e1tiles, adem\u00e1s de aparcamiento privado y recepci\u00f3n 24 horas, el IntercityHotel Zhuhai Hengqin Seaview le garantiza una estancia placentera, inolvidable y sin contratiempos.<\/span><\/div>\t\t\t\t\t\t\t\t<\/div>\n\t\t\t\t\t<\/div>\n\t\t<\/div>\n\t\t\t\t\t<\/div>\n\t\t<\/section>\n\t\t\t\t<\/div>","protected":false},"excerpt":{"rendered":"<p>Experience Unmatched Views and Comfort at IntercityHotel Zhuhai Hengqin SeaviewDiscover the pinnacle of modern hospitality at the IntercityHotel Zhuhai Hengqin Seaview, a premier accommodation located in the dynamic Hong Kong and Macao Financial Center. Situated at No. 539 Huitong 5th Road, Hengqin Town, Xiangzhou District, Zhuhai, Guangdong, China, this brand-new 2025 property is designed for [&hellip;]<\/p>\n","protected":false},"author":1,"featured_media":0,"parent":0,"menu_order":0,"comment_status":"closed","ping_status":"closed","template":"","meta":{"footnotes":""},"class_list":["post-5266","page","type-page","status-publish","hentry","post-no-thumbnail"],"_links":{"self":[{"href":"https:\/\/hengqin-seaview.intercityhotelzhuhai.com\/es\/wp-json\/wp\/v2\/pages\/5266","targetHints":{"allow":["GET"]}}],"collection":[{"href":"https:\/\/hengqin-seaview.intercityhotelzhuhai.com\/es\/wp-json\/wp\/v2\/pages"}],"about":[{"href":"https:\/\/hengqin-seaview.intercityhotelzhuhai.com\/es\/wp-json\/wp\/v2\/types\/page"}],"author":[{"embeddable":true,"href":"https:\/\/hengqin-seaview.intercityhotelzhuhai.com\/es\/wp-json\/wp\/v2\/users\/1"}],"replies":[{"embeddable":true,"href":"https:\/\/hengqin-seaview.intercityhotelzhuhai.com\/es\/wp-json\/wp\/v2\/comments?post=5266"}],"version-history":[{"count":0,"href":"https:\/\/hengqin-seaview.intercityhotelzhuhai.com\/es\/wp-json\/wp\/v2\/pages\/5266\/revisions"}],"wp:attachment":[{"href":"https:\/\/hengqin-seaview.intercityhotelzhuhai.com\/es\/wp-json\/wp\/v2\/media?parent=5266"}],"curies":[{"name":"wp","href":"https:\/\/api.w.org\/{rel}","templated":true}]}}