{"id":2109,"date":"2021-03-26T08:35:58","date_gmt":"2021-03-26T08:35:58","guid":{"rendered":"http:\/\/localhost\/nuss\/?page_id=536"},"modified":"2026-03-13T04:56:01","modified_gmt":"2026-03-13T04:56:01","slug":"instalaciones-comerciales","status":"publish","type":"page","link":"https:\/\/hengqin-seaview.intercityhotelzhuhai.com\/es\/business-facilities\/","title":{"rendered":"Instalaciones comerciales"},"content":{"rendered":"<div data-elementor-type=\"wp-page\" data-elementor-id=\"2109\" class=\"elementor elementor-2109\">\n\t\t\t\t\t\t<section class=\"elementor-section elementor-top-section elementor-element elementor-element-bb2901b elementor-section-boxed elementor-section-gap-beside-yes elementor-section-height-default elementor-section-height-default elementor-section-column-vertical-align-stretch\" data-id=\"bb2901b\" data-element_type=\"section\" data-e-type=\"section\">\n\t\t\t\t\t\t<div class=\"elementor-container elementor-column-gap-extended\">\n\t\t\t\t\t<div class=\"elementor-column elementor-col-100 elementor-top-column elementor-element elementor-element-1919db9\" data-id=\"1919db9\" data-element_type=\"column\" data-e-type=\"column\">\n\t\t\t<div class=\"elementor-widget-wrap elementor-element-populated\">\n\t\t\t\t\t\t<div class=\"elementor-element elementor-element-41a7b9c elementor-widget__width-initial elementor-invisible elementor-widget elementor-widget-text-editor\" data-id=\"41a7b9c\" data-element_type=\"widget\" data-e-type=\"widget\" data-settings=\"{&quot;_animation&quot;:&quot;nussFadeInUp&quot;}\" data-widget_type=\"text-editor.default\">\n\t\t\t\t\t\t\t\t\tPotencie su trayectoria corporativa: Instalaciones para negocios en el IntercityHotel Zhuhai Hengqin Seaview\t\t\t\t\t\t\t\t<\/div>\n\t\t\t\t\t<\/div>\n\t\t<\/div>\n\t\t\t\t\t<\/div>\n\t\t<\/section>\n\t\t<div class=\"elementor-element elementor-element-5cf086b e-flex e-con-boxed e-con e-parent\" data-id=\"5cf086b\" data-element_type=\"container\" data-e-type=\"container\">\n\t\t\t\t\t<div class=\"e-con-inner\">\n\t\t\t\t<div class=\"elementor-element elementor-element-1799195 elementor-widget elementor-widget-text-editor\" data-id=\"1799195\" data-element_type=\"widget\" data-e-type=\"widget\" data-widget_type=\"text-editor.default\">\n\t\t\t\t\t\t\t\t\t<div class=\"qwen-markdown-paragraph\"><span class=\"qwen-markdown-text\" data-spm-anchor-id=\"a2ty_o01.29997173.0.i41.5af05171WijP63\">Para el viajero de negocios moderno, el entorno adecuado es la clave del \u00e9xito. Situado en el pr\u00f3spero centro econ\u00f3mico de la <\/span><strong class=\"qwen-markdown-strong\"><span class=\"qwen-markdown-text\">Centro Financiero de Hong Kong y Macao<\/span><\/strong><span class=\"qwen-markdown-text\">, el <\/span><strong class=\"qwen-markdown-strong\"><span class=\"qwen-markdown-text\">IntercityHotel Zhuhai Hengqin Seaview<\/span><\/strong><span class=\"qwen-markdown-text\"> se erige como un destino de primer nivel para profesionales de negocios que buscan eficiencia, conectividad y comodidad. Ubicado en <\/span><strong class=\"qwen-markdown-strong\"><span class=\"qwen-markdown-text\">No. 539 Huitong 5th Road, ciudad de Hengqin, distrito de Xiangzhou, Zhuhai, Guangdong, China<\/span><\/strong><span class=\"qwen-markdown-text\">, Esta propiedad est\u00e1 dise\u00f1ada estrat\u00e9gicamente para fomentar una alta productividad, al tiempo que ofrece la conectividad fluida necesaria para el comercio transfronterizo entre Zhuhai y Macao.<\/span><\/div><div class=\"qwen-markdown-space\">\u00a0<\/div><h2 class=\"qwen-markdown-heading\"><strong class=\"qwen-markdown-strong\"><span class=\"qwen-markdown-text\">Espacios de vanguardia para reuniones y conferencias.<\/span><\/strong><\/h2><div class=\"qwen-markdown-paragraph\"><span class=\"qwen-markdown-text\">Comprendiendo las necesidades din\u00e1micas de los grupos corporativos, el hotel cuenta con una amplia gama de espacios para eventos dise\u00f1ados para facilitar la colaboraci\u00f3n y la innovaci\u00f3n. La propiedad cuenta con: <\/span><strong class=\"qwen-markdown-strong\"><span class=\"qwen-markdown-text\">dos salas de reuniones exclusivas<\/span><\/strong><span class=\"qwen-markdown-text\"> y <\/span><strong class=\"qwen-markdown-strong\"><span class=\"qwen-markdown-text\">dos salas multifuncionales<\/span><\/strong><span class=\"qwen-markdown-text\">, Cada sala est\u00e1 equipada para albergar diversos tipos de reuniones de negocios. Ya sea una reuni\u00f3n \u00edntima de la junta directiva, una sesi\u00f3n de planificaci\u00f3n estrat\u00e9gica, el lanzamiento de un producto o un seminario de capacitaci\u00f3n integral, estos espacios flexibles brindan el entorno profesional necesario para el \u00e9xito. Las salas est\u00e1n dise\u00f1adas teniendo en cuenta la ac\u00fastica y la iluminaci\u00f3n, lo que garantiza presentaciones claras y debates centrados.<\/span><\/div><div class=\"qwen-markdown-space\">\u00a0<\/div><h2 class=\"qwen-markdown-heading\"><strong class=\"qwen-markdown-strong\"><span class=\"qwen-markdown-text\">Productividad en la habitaci\u00f3n y alojamiento ejecutivo<\/span><\/strong><\/h2><div class=\"qwen-markdown-paragraph\"><span class=\"qwen-markdown-text\">Los viajes de negocios a menudo se extienden m\u00e1s all\u00e1 de la sala de conferencias, y el IntercityHotel Zhuhai Hengqin Seaview garantiza que su habitaci\u00f3n sirva como una oficina privada productiva. Las habitaciones del hotel, en particular las amplias <\/span><strong class=\"qwen-markdown-strong\"><span class=\"qwen-markdown-text\">Suites ejecutivas de 85 m\u00b2<\/span><\/strong><span class=\"qwen-markdown-text\">, est\u00e1n dise\u00f1adas para el profesional en activo. Cada habitaci\u00f3n est\u00e1 amueblada con <\/span><strong class=\"qwen-markdown-strong\"><span class=\"qwen-markdown-text\">escritorios de trabajo espaciosos<\/span><\/strong><span class=\"qwen-markdown-text\"> y <\/span><strong class=\"qwen-markdown-strong\"><span class=\"qwen-markdown-text\">l\u00e1mparas que cuidan la vista<\/span><\/strong><span class=\"qwen-markdown-text\">, creando un entorno ergon\u00f3mico para informes nocturnos o reuniones informativas a primera hora de la ma\u00f1ana. <\/span><\/div><div class=\"qwen-markdown-space\">\u00a0<\/div><div class=\"qwen-markdown-paragraph\"><span class=\"qwen-markdown-text\">La conectividad nunca es un problema; el hotel proporciona <\/span><strong class=\"qwen-markdown-strong\"><span class=\"qwen-markdown-text\">Wi-Fi de alta velocidad<\/span><\/strong><span class=\"qwen-markdown-text\"> lo suficientemente robusto como para manejar tareas que requieren un gran ancho de banda, como por ejemplo: <\/span><strong class=\"qwen-markdown-strong\"><span class=\"qwen-markdown-text\">videoconferencias<\/span><\/strong><span class=\"qwen-markdown-text\"> y transferencias de archivos grandes sin interrupciones. Para quienes buscan la m\u00e1xima amplitud y privacidad, las Suites Ejecutivas ofrecen espacio suficiente para extender documentos o celebrar consultas informales en la habitaci\u00f3n, todo ello mientras disfrutan de vistas panor\u00e1micas al mar que inspiran la creatividad.<\/span><\/div><div class=\"qwen-markdown-space\">\u00a0<\/div><h2 class=\"qwen-markdown-heading\"><strong class=\"qwen-markdown-strong\"><span class=\"qwen-markdown-text\">Sal\u00f3n ejecutivo y oportunidades para establecer contactos<\/span><\/strong><\/h2><div class=\"qwen-markdown-paragraph\"><span class=\"qwen-markdown-text\">Las discusiones suelen tener mejor resultado fuera de la sala de reuniones formal. El hotel <\/span><strong class=\"qwen-markdown-strong\"><span class=\"qwen-markdown-text\">Sal\u00f3n ejecutivo<\/span><\/strong><span class=\"qwen-markdown-text\"> Ofrece un ambiente refinado para establecer contactos informales, conversar en privado o trabajar en un entorno tranquilo, lejos del bullicio del vest\u00edbulo. Este espacio exclusivo brinda un refugio para que los invitados de negocios recarguen energ\u00edas, revisen documentos o disfruten de refrigerios de cortes\u00eda antes de una presentaci\u00f3n importante. Funciona como una extensi\u00f3n de su oficina, combinando privacidad con una hospitalidad de primera clase.<\/span><\/div><div class=\"qwen-markdown-space\">\u00a0<\/div><h2 class=\"qwen-markdown-heading\"><strong class=\"qwen-markdown-strong\"><span class=\"qwen-markdown-text\">Log\u00edstica, soporte y servicios inteligentes<\/span><\/strong><\/h2><div class=\"qwen-markdown-paragraph\"><span class=\"qwen-markdown-text\">La eficiencia es la piedra angular de los viajes de negocios, y el IntercityHotel Zhuhai Hengqin Seaview aprovecha la tecnolog\u00eda para optimizar su estancia. El hotel cuenta con: <\/span><strong class=\"qwen-markdown-strong\"><span class=\"qwen-markdown-text\">servicios asistidos por robots<\/span><\/strong><span class=\"qwen-markdown-text\">, asegurando que las entregas y las solicitudes se gestionen con rapidez y precisi\u00f3n. Para los equipos que llegan en coche, <\/span><strong class=\"qwen-markdown-strong\"><span class=\"qwen-markdown-text\">aparcamiento privado<\/span><\/strong><span class=\"qwen-markdown-text\"> Est\u00e1 disponible, eliminando el estr\u00e9s relacionado con la seguridad del veh\u00edculo. <\/span><\/div><div class=\"qwen-markdown-space\">\u00a0<\/div><div class=\"qwen-markdown-paragraph\"><span class=\"qwen-markdown-text\">El <\/span><strong class=\"qwen-markdown-strong\"><span class=\"qwen-markdown-text\">Recepci\u00f3n disponible las 24 horas.<\/span><\/strong><span class=\"qwen-markdown-text\"> garantiza que, independientemente de su zona horaria o horario, siempre tendr\u00e1 asistencia disponible. Ya sea que necesite registrarse tarde por la noche, asistencia con el transporte temprano por la ma\u00f1ana o apoyo administrativo, el personal est\u00e1 capacitado para adaptarse a los rigurosos horarios de los viajeros de negocios internacionales. Adem\u00e1s, la proximidad a <\/span><strong class=\"qwen-markdown-strong\"><span class=\"qwen-markdown-text\">Puerto de Hengqin<\/span><\/strong><span class=\"qwen-markdown-text\"> y el <\/span><strong class=\"qwen-markdown-strong\"><span class=\"qwen-markdown-text\">Centro Comercial Huafa<\/span><\/strong><span class=\"qwen-markdown-text\"> El distrito financiero significa que las reuniones con clientes y las cenas est\u00e1n a solo unos minutos.<\/span><\/div><div class=\"qwen-markdown-space\">\u00a0<\/div><h2 class=\"qwen-markdown-heading\"><strong class=\"qwen-markdown-strong\"><span class=\"qwen-markdown-text\">Un socio estrat\u00e9gico en Hengqin<\/span><\/strong><\/h2><div class=\"qwen-markdown-paragraph\" data-spm-anchor-id=\"a2ty_o01.29997173.0.i43.5af05171WijP63\"><span class=\"qwen-markdown-text\">Elegir el hotel adecuado es una decisi\u00f3n estrat\u00e9gica de negocios. Con su combinaci\u00f3n de instalaciones avanzadas para reuniones, dise\u00f1o de habitaciones centrado en la productividad y ubicaci\u00f3n privilegiada dentro de la <\/span><strong class=\"qwen-markdown-strong\"><span class=\"qwen-markdown-text\">Isla Financiera de Hengqin<\/span><\/strong><span class=\"qwen-markdown-text\">, El IntercityHotel Zhuhai Hengqin Seaview es mucho m\u00e1s que un lugar para dormir: es un aliado para el \u00e9xito de su negocio. Ya sea que est\u00e9 expandi\u00e9ndose al \u00c1rea de la Gran Bah\u00eda o gestionando operaciones transfronterizas, nuestras instalaciones le brindan la base que necesita para alcanzar sus objetivos profesionales en Zhuhai.<\/span><\/div>\t\t\t\t\t\t\t\t<\/div>\n\t\t\t\t\t<\/div>\n\t\t\t\t<\/div>\n\t\t\t\t<\/div>","protected":false},"excerpt":{"rendered":"<p>Empower Your Corporate Journey: Business Facilities at IntercityHotel Zhuhai Hengqin SeaviewFor the modern corporate traveler, the right environment is the key to success. Situated in the thriving economic hub of the Hong Kong and Macao Financial Center, the IntercityHotel Zhuhai Hengqin Seaview stands as a premier destination for business professionals seeking efficiency, connectivity, and comfort. [&hellip;]<\/p>\n","protected":false},"author":1,"featured_media":0,"parent":0,"menu_order":0,"comment_status":"closed","ping_status":"closed","template":"elementor_header_footer","meta":{"footnotes":""},"class_list":["post-2109","page","type-page","status-publish","hentry","post-no-thumbnail"],"_links":{"self":[{"href":"https:\/\/hengqin-seaview.intercityhotelzhuhai.com\/es\/wp-json\/wp\/v2\/pages\/2109","targetHints":{"allow":["GET"]}}],"collection":[{"href":"https:\/\/hengqin-seaview.intercityhotelzhuhai.com\/es\/wp-json\/wp\/v2\/pages"}],"about":[{"href":"https:\/\/hengqin-seaview.intercityhotelzhuhai.com\/es\/wp-json\/wp\/v2\/types\/page"}],"author":[{"embeddable":true,"href":"https:\/\/hengqin-seaview.intercityhotelzhuhai.com\/es\/wp-json\/wp\/v2\/users\/1"}],"replies":[{"embeddable":true,"href":"https:\/\/hengqin-seaview.intercityhotelzhuhai.com\/es\/wp-json\/wp\/v2\/comments?post=2109"}],"version-history":[{"count":0,"href":"https:\/\/hengqin-seaview.intercityhotelzhuhai.com\/es\/wp-json\/wp\/v2\/pages\/2109\/revisions"}],"wp:attachment":[{"href":"https:\/\/hengqin-seaview.intercityhotelzhuhai.com\/es\/wp-json\/wp\/v2\/media?parent=2109"}],"curies":[{"name":"wp","href":"https:\/\/api.w.org\/{rel}","templated":true}]}}