{"id":5266,"date":"2021-07-18T08:03:35","date_gmt":"2021-07-18T08:03:35","guid":{"rendered":"https:\/\/nuss.uxper.co\/luxury-resort\/?page_id=5266"},"modified":"2026-03-13T04:56:37","modified_gmt":"2026-03-13T04:56:37","slug":"uber-uns","status":"publish","type":"page","link":"https:\/\/hengqin-seaview.intercityhotelzhuhai.com\/de\/about-us\/","title":{"rendered":"\u00dcber uns"},"content":{"rendered":"<div data-elementor-type=\"wp-page\" data-elementor-id=\"5266\" class=\"elementor elementor-5266\">\n\t\t\t\t\t\t<section class=\"elementor-section elementor-top-section elementor-element elementor-element-10416953 elementor-section-boxed elementor-section-gap-beside-yes elementor-section-height-default elementor-section-height-default elementor-section-column-vertical-align-stretch\" data-id=\"10416953\" data-element_type=\"section\" data-e-type=\"section\">\n\t\t\t\t\t\t<div class=\"elementor-container elementor-column-gap-extended\">\n\t\t\t\t\t<div class=\"elementor-column elementor-col-100 elementor-top-column elementor-element elementor-element-29c6aa8\" data-id=\"29c6aa8\" data-element_type=\"column\" data-e-type=\"column\">\n\t\t\t<div class=\"elementor-widget-wrap elementor-element-populated\">\n\t\t\t\t\t\t<div class=\"elementor-element elementor-element-7be18fe7 elementor-widget__width-initial elementor-invisible elementor-widget elementor-widget-text-editor\" data-id=\"7be18fe7\" data-element_type=\"widget\" data-e-type=\"widget\" data-settings=\"{&quot;_animation&quot;:&quot;nussFadeInUp&quot;}\" data-widget_type=\"text-editor.default\">\n\t\t\t\t\t\t\t\t\tErleben Sie unvergleichliche Aussichten und Komfort im IntercityHotel Zhuhai Hengqin Seaview\t\t\t\t\t\t\t\t<\/div>\n\t\t\t\t\t<\/div>\n\t\t<\/div>\n\t\t\t\t\t<\/div>\n\t\t<\/section>\n\t\t\t\t<section class=\"elementor-section elementor-top-section elementor-element elementor-element-7d18327f elementor-section-boxed elementor-section-gap-beside-yes elementor-section-height-default elementor-section-height-default elementor-section-column-vertical-align-stretch\" data-id=\"7d18327f\" data-element_type=\"section\" data-e-type=\"section\">\n\t\t\t\t\t\t<div class=\"elementor-container elementor-column-gap-extended\">\n\t\t\t\t\t<div class=\"elementor-column elementor-col-50 elementor-top-column elementor-element elementor-element-56533670\" data-id=\"56533670\" data-element_type=\"column\" data-e-type=\"column\">\n\t\t\t<div class=\"elementor-widget-wrap elementor-element-populated\">\n\t\t\t\t\t\t<div class=\"elementor-element elementor-element-19c3f543 elementor-invisible elementor-widget elementor-widget-text-editor\" data-id=\"19c3f543\" data-element_type=\"widget\" data-e-type=\"widget\" data-settings=\"{&quot;_animation&quot;:&quot;nussFadeInUp&quot;}\" data-widget_type=\"text-editor.default\">\n\t\t\t\t\t\t\t\t\t<div class=\"qwen-markdown-paragraph\"><span class=\"qwen-markdown-text\">Entdecken Sie den H\u00f6hepunkt moderner Gastfreundschaft im <\/span><strong class=\"qwen-markdown-strong\"><span class=\"qwen-markdown-text\">IntercityHotel Zhuhai Hengqin Seaview<\/span><\/strong><span class=\"qwen-markdown-text\">, eine erstklassige Unterkunft in der dynamischen Umgebung <\/span><strong class=\"qwen-markdown-strong\"><span class=\"qwen-markdown-text\">Finanzzentrum Hongkong und Macau<\/span><\/strong><span class=\"qwen-markdown-text\">. Befindet sich in <\/span><strong class=\"qwen-markdown-strong\"><span class=\"qwen-markdown-text\">Nr. 539 Huitong 5th Road, Stadt Hengqin, Bezirk Xiangzhou, Zhuhai, Guangdong, China<\/span><\/strong><span class=\"qwen-markdown-text\" data-spm-anchor-id=\"a2ty_o01.29997173.0.i35.5af05171WijP63\">, Dieses brandneue Anwesen aus dem Jahr 2025 ist f\u00fcr Reisende konzipiert, die weder bei der Lage noch beim Luxus Kompromisse eingehen wollen.<\/span><\/div><div class=\"qwen-markdown-space\">\u00a0<\/div><div class=\"qwen-markdown-paragraph\"><span class=\"qwen-markdown-text\">Das Hotel ist ideal f\u00fcr Gesch\u00e4fts- und Freizeitreisende gelegen und bietet atemberaubende Panoramablicke auf die Umgebung. <\/span><strong class=\"qwen-markdown-strong\"><span class=\"qwen-markdown-text\">Macao Tower<\/span><\/strong><span class=\"qwen-markdown-text\"> und den umliegenden Gew\u00e4ssern. Die G\u00e4ste sind nur wenige Augenblicke entfernt von <\/span><strong class=\"qwen-markdown-strong\"><span class=\"qwen-markdown-text\">Hafen von Hengqin<\/span><\/strong><span class=\"qwen-markdown-text\"> und nur drei Gehminuten entfernt <\/span><strong class=\"qwen-markdown-strong\"><span class=\"qwen-markdown-text\">Huafa-Einkaufszentrum<\/span><\/strong><span class=\"qwen-markdown-text\">, Wir gew\u00e4hrleisten nahtlose Verbindungen und maximalen Komfort. Ob Sie gesch\u00e4ftlich die Grenze \u00fcberqueren oder die Region privat erkunden \u2013 unsere strategische Lage ist das perfekte Tor nach Zhuhai und Macau.<\/span><\/div>\t\t\t\t\t\t\t\t<\/div>\n\t\t\t\t\t<\/div>\n\t\t<\/div>\n\t\t\t\t<div class=\"elementor-column elementor-col-50 elementor-top-column elementor-element elementor-element-30f14127\" data-id=\"30f14127\" data-element_type=\"column\" data-e-type=\"column\">\n\t\t\t<div class=\"elementor-widget-wrap elementor-element-populated\">\n\t\t\t\t\t\t<div class=\"elementor-element elementor-element-b56876d elementor-widget elementor-widget-image\" data-id=\"b56876d\" data-element_type=\"widget\" data-e-type=\"widget\" data-widget_type=\"image.default\">\n\t\t\t\t\t\t\t\t\t\t\t\t\t\t\t<img fetchpriority=\"high\" decoding=\"async\" width=\"568\" height=\"853\" src=\"https:\/\/hengqin-seaview.intercityhotelzhuhai.com\/wp-content\/uploads\/2026\/03\/IntercityHotel-Zhuhai-Hengqin-Seaview-68.webp\" class=\"attachment-large size-large wp-image-5670\" alt=\"\" srcset=\"https:\/\/hengqin-seaview.intercityhotelzhuhai.com\/wp-content\/uploads\/2026\/03\/IntercityHotel-Zhuhai-Hengqin-Seaview-68.webp 568w, https:\/\/hengqin-seaview.intercityhotelzhuhai.com\/wp-content\/uploads\/2026\/03\/IntercityHotel-Zhuhai-Hengqin-Seaview-68-200x300.webp 200w\" sizes=\"(max-width: 568px) 100vw, 568px\" \/>\t\t\t\t\t\t\t\t\t\t\t\t\t\t\t<\/div>\n\t\t\t\t\t<\/div>\n\t\t<\/div>\n\t\t\t\t\t<\/div>\n\t\t<\/section>\n\t\t\t\t<section class=\"elementor-section elementor-top-section elementor-element elementor-element-29fb8578 elementor-section-height-min-height elementor-section-stretched elementor-section-full_width elementor-section-items-stretch elementor-section-height-default elementor-section-column-vertical-align-stretch\" data-id=\"29fb8578\" data-element_type=\"section\" data-e-type=\"section\" data-settings=\"{&quot;stretch_section&quot;:&quot;section-stretched&quot;}\">\n\t\t\t\t\t\t<div class=\"elementor-container elementor-column-gap-no\">\n\t\t\t\t\t<div class=\"elementor-column elementor-col-50 elementor-top-column elementor-element elementor-element-40ac270b\" data-id=\"40ac270b\" data-element_type=\"column\" data-e-type=\"column\">\n\t\t\t<div class=\"elementor-widget-wrap elementor-element-populated\">\n\t\t\t\t\t\t<div class=\"elementor-element elementor-element-20872773 elementor-widget__width-initial elementor-widget-mobile__width-inherit elementor-invisible nuss-elementor-loading nuss-slide-in-right elementor-widget elementor-widget-image\" data-id=\"20872773\" data-element_type=\"widget\" data-e-type=\"widget\" data-settings=\"{&quot;_animation&quot;:&quot;nussSlideInRight&quot;}\" data-widget_type=\"image.default\">\n\t\t\t\t\t\t\t\t\t\t\t\t\t\t\t<img decoding=\"async\" width=\"1280\" height=\"853\" src=\"https:\/\/hengqin-seaview.intercityhotelzhuhai.com\/wp-content\/uploads\/2026\/03\/IntercityHotel-Zhuhai-Hengqin-Seaview-41.webp\" class=\"attachment-full size-full wp-image-5643\" alt=\"\" srcset=\"https:\/\/hengqin-seaview.intercityhotelzhuhai.com\/wp-content\/uploads\/2026\/03\/IntercityHotel-Zhuhai-Hengqin-Seaview-41.webp 1280w, https:\/\/hengqin-seaview.intercityhotelzhuhai.com\/wp-content\/uploads\/2026\/03\/IntercityHotel-Zhuhai-Hengqin-Seaview-41-300x200.webp 300w, https:\/\/hengqin-seaview.intercityhotelzhuhai.com\/wp-content\/uploads\/2026\/03\/IntercityHotel-Zhuhai-Hengqin-Seaview-41-1024x682.webp 1024w, https:\/\/hengqin-seaview.intercityhotelzhuhai.com\/wp-content\/uploads\/2026\/03\/IntercityHotel-Zhuhai-Hengqin-Seaview-41-768x512.webp 768w\" sizes=\"(max-width: 1280px) 100vw, 1280px\" \/>\t\t\t\t\t\t\t\t\t\t\t\t\t\t\t<\/div>\n\t\t\t\t\t<\/div>\n\t\t<\/div>\n\t\t\t\t<div class=\"elementor-column elementor-col-50 elementor-top-column elementor-element elementor-element-2dac103\" data-id=\"2dac103\" data-element_type=\"column\" data-e-type=\"column\">\n\t\t\t<div class=\"elementor-widget-wrap elementor-element-populated\">\n\t\t\t\t\t\t<div class=\"elementor-element elementor-element-6f1b8966 elementor-invisible elementor-widget elementor-widget-text-editor\" data-id=\"6f1b8966\" data-element_type=\"widget\" data-e-type=\"widget\" data-settings=\"{&quot;_animation&quot;:&quot;nussFadeInUp&quot;}\" data-widget_type=\"text-editor.default\">\n\t\t\t\t\t\t\t\t\t<div class=\"qwen-markdown-paragraph\"><span class=\"qwen-markdown-text\" data-spm-anchor-id=\"a2ty_o01.29997173.0.i38.5af05171WijP63\">Unsere Unterk\u00fcnfte sind sorgf\u00e4ltig ausgew\u00e4hlt und erf\u00fcllen alle Bed\u00fcrfnisse. W\u00e4hlen Sie aus einem umfangreichen Angebot. <\/span><strong class=\"qwen-markdown-strong\"><span class=\"qwen-markdown-text\">85 m\u00b2 gro\u00dfe Executive-Suiten<\/span><\/strong><span class=\"qwen-markdown-text\">, <\/span><strong class=\"qwen-markdown-strong\"><span class=\"qwen-markdown-text\">43 m\u00b2 gro\u00dfe Kingsize-Zimmer mit Macau-Blick<\/span><\/strong><span class=\"qwen-markdown-text\">, oder das Einzigartige <\/span><strong class=\"qwen-markdown-strong\"><span class=\"qwen-markdown-text\">34 m\u00b2 B.Duck Familienzimmer<\/span><\/strong><span class=\"qwen-markdown-text\">, Ausgestattet mit kinderfreundlichen Annehmlichkeiten und 65-Zoll-Projektionsfernsehern. Jedes Zimmer verf\u00fcgt \u00fcber ger\u00e4umige Schreibtische, augenschonende Beleuchtung und Highspeed-WLAN, das f\u00fcr Videokonferenzen optimiert ist, was es zu einer Top-Wahl macht f\u00fcr <\/span><strong class=\"qwen-markdown-strong\"><span class=\"qwen-markdown-text\">Gesch\u00e4ftsreisende in Zhuhai<\/span><\/strong><span class=\"qwen-markdown-text\">. Genie\u00dfen Sie jeden Tag einen atemberaubenden Meerblick, der Ihren Aufenthalt unvergesslich macht.<\/span><\/div><div class=\"qwen-markdown-space\">\u00a0<\/div><div class=\"qwen-markdown-paragraph\"><span class=\"qwen-markdown-text\" data-spm-anchor-id=\"a2ty_o01.29997173.0.i37.5af05171WijP63\">Speisen und Serviceleistungen werten das Erlebnis zus\u00e4tzlich auf. Genie\u00dfen Sie authentische <\/span><strong class=\"qwen-markdown-strong\"><span class=\"qwen-markdown-text\">M\u00fcnchner Craft-Biere<\/span><\/strong><span class=\"qwen-markdown-text\"> und exquisite chinesische K\u00fcche in unserem Restaurant mit 360-Grad-Meerblick. Zu den weiteren Annehmlichkeiten geh\u00f6ren: <\/span><strong class=\"qwen-markdown-strong\"><span class=\"qwen-markdown-text\">Kostenloses 24-Stunden-Fitnesscenter<\/span><\/strong><span class=\"qwen-markdown-text\">, Kostenlose W\u00e4schem\u00f6glichkeiten, robotergest\u00fctzte Services und vielseitige Tagungsr\u00e4ume. Mit privaten Parkpl\u00e4tzen und einer 24-Stunden-Rezeption verspricht das IntercityHotel Zhuhai Hengqin Seaview eine reibungslose, angenehme und unvergessliche Reise.<\/span><\/div>\t\t\t\t\t\t\t\t<\/div>\n\t\t\t\t\t<\/div>\n\t\t<\/div>\n\t\t\t\t\t<\/div>\n\t\t<\/section>\n\t\t\t\t<\/div>","protected":false},"excerpt":{"rendered":"<p>Experience Unmatched Views and Comfort at IntercityHotel Zhuhai Hengqin SeaviewDiscover the pinnacle of modern hospitality at the IntercityHotel Zhuhai Hengqin Seaview, a premier accommodation located in the dynamic Hong Kong and Macao Financial Center. Situated at No. 539 Huitong 5th Road, Hengqin Town, Xiangzhou District, Zhuhai, Guangdong, China, this brand-new 2025 property is designed for [&hellip;]<\/p>\n","protected":false},"author":1,"featured_media":0,"parent":0,"menu_order":0,"comment_status":"closed","ping_status":"closed","template":"","meta":{"footnotes":""},"class_list":["post-5266","page","type-page","status-publish","hentry","post-no-thumbnail"],"_links":{"self":[{"href":"https:\/\/hengqin-seaview.intercityhotelzhuhai.com\/de\/wp-json\/wp\/v2\/pages\/5266","targetHints":{"allow":["GET"]}}],"collection":[{"href":"https:\/\/hengqin-seaview.intercityhotelzhuhai.com\/de\/wp-json\/wp\/v2\/pages"}],"about":[{"href":"https:\/\/hengqin-seaview.intercityhotelzhuhai.com\/de\/wp-json\/wp\/v2\/types\/page"}],"author":[{"embeddable":true,"href":"https:\/\/hengqin-seaview.intercityhotelzhuhai.com\/de\/wp-json\/wp\/v2\/users\/1"}],"replies":[{"embeddable":true,"href":"https:\/\/hengqin-seaview.intercityhotelzhuhai.com\/de\/wp-json\/wp\/v2\/comments?post=5266"}],"version-history":[{"count":0,"href":"https:\/\/hengqin-seaview.intercityhotelzhuhai.com\/de\/wp-json\/wp\/v2\/pages\/5266\/revisions"}],"wp:attachment":[{"href":"https:\/\/hengqin-seaview.intercityhotelzhuhai.com\/de\/wp-json\/wp\/v2\/media?parent=5266"}],"curies":[{"name":"wp","href":"https:\/\/api.w.org\/{rel}","templated":true}]}}