{"id":2109,"date":"2021-03-26T08:35:58","date_gmt":"2021-03-26T08:35:58","guid":{"rendered":"http:\/\/localhost\/nuss\/?page_id=536"},"modified":"2026-03-13T04:56:01","modified_gmt":"2026-03-13T04:56:01","slug":"geschaftseinrichtungen","status":"publish","type":"page","link":"https:\/\/hengqin-seaview.intercityhotelzhuhai.com\/de\/business-facilities\/","title":{"rendered":"Gesch\u00e4ftseinrichtungen"},"content":{"rendered":"<div data-elementor-type=\"wp-page\" data-elementor-id=\"2109\" class=\"elementor elementor-2109\">\n\t\t\t\t\t\t<section class=\"elementor-section elementor-top-section elementor-element elementor-element-bb2901b elementor-section-boxed elementor-section-gap-beside-yes elementor-section-height-default elementor-section-height-default elementor-section-column-vertical-align-stretch\" data-id=\"bb2901b\" data-element_type=\"section\" data-e-type=\"section\">\n\t\t\t\t\t\t<div class=\"elementor-container elementor-column-gap-extended\">\n\t\t\t\t\t<div class=\"elementor-column elementor-col-100 elementor-top-column elementor-element elementor-element-1919db9\" data-id=\"1919db9\" data-element_type=\"column\" data-e-type=\"column\">\n\t\t\t<div class=\"elementor-widget-wrap elementor-element-populated\">\n\t\t\t\t\t\t<div class=\"elementor-element elementor-element-41a7b9c elementor-widget__width-initial elementor-invisible elementor-widget elementor-widget-text-editor\" data-id=\"41a7b9c\" data-element_type=\"widget\" data-e-type=\"widget\" data-settings=\"{&quot;_animation&quot;:&quot;nussFadeInUp&quot;}\" data-widget_type=\"text-editor.default\">\n\t\t\t\t\t\t\t\t\tSt\u00e4rken Sie Ihre Gesch\u00e4ftsreise: Gesch\u00e4ftseinrichtungen im IntercityHotel Zhuhai Hengqin Seaview\t\t\t\t\t\t\t\t<\/div>\n\t\t\t\t\t<\/div>\n\t\t<\/div>\n\t\t\t\t\t<\/div>\n\t\t<\/section>\n\t\t<div class=\"elementor-element elementor-element-5cf086b e-flex e-con-boxed e-con e-parent\" data-id=\"5cf086b\" data-element_type=\"container\" data-e-type=\"container\">\n\t\t\t\t\t<div class=\"e-con-inner\">\n\t\t\t\t<div class=\"elementor-element elementor-element-1799195 elementor-widget elementor-widget-text-editor\" data-id=\"1799195\" data-element_type=\"widget\" data-e-type=\"widget\" data-widget_type=\"text-editor.default\">\n\t\t\t\t\t\t\t\t\t<div class=\"qwen-markdown-paragraph\"><span class=\"qwen-markdown-text\" data-spm-anchor-id=\"a2ty_o01.29997173.0.i41.5af05171WijP63\">F\u00fcr den modernen Gesch\u00e4ftsreisenden ist das richtige Umfeld der Schl\u00fcssel zum Erfolg. Gelegen im florierenden Wirtschaftszentrum von <\/span><strong class=\"qwen-markdown-strong\"><span class=\"qwen-markdown-text\">Finanzzentrum Hongkong und Macau<\/span><\/strong><span class=\"qwen-markdown-text\">, Die <\/span><strong class=\"qwen-markdown-strong\"><span class=\"qwen-markdown-text\">IntercityHotel Zhuhai Hengqin Seaview<\/span><\/strong><span class=\"qwen-markdown-text\"> gilt als erstklassiges Ziel f\u00fcr Gesch\u00e4ftsleute, die Effizienz, Vernetzung und Komfort suchen. Gelegen in <\/span><strong class=\"qwen-markdown-strong\"><span class=\"qwen-markdown-text\">Nr. 539 Huitong 5th Road, Stadt Hengqin, Bezirk Xiangzhou, Zhuhai, Guangdong, China<\/span><\/strong><span class=\"qwen-markdown-text\">, Diese Immobilie ist strategisch so konzipiert, dass sie eine hohe Produktivit\u00e4t unterst\u00fctzt und gleichzeitig die f\u00fcr den grenz\u00fcberschreitenden Handel zwischen Zhuhai und Macau erforderliche nahtlose Anbindung bietet.<\/span><\/div><div class=\"qwen-markdown-space\">\u00a0<\/div><h2 class=\"qwen-markdown-heading\"><strong class=\"qwen-markdown-strong\"><span class=\"qwen-markdown-text\">Modernste Tagungs- und Konferenzr\u00e4ume<\/span><\/strong><\/h2><div class=\"qwen-markdown-paragraph\"><span class=\"qwen-markdown-text\">Das Hotel ist sich der dynamischen Bed\u00fcrfnisse von Unternehmensgruppen bewusst und bietet daher eine vielseitige Auswahl an Veranstaltungsr\u00e4umen, die Zusammenarbeit und Innovation f\u00f6rdern. Das Anwesen zeichnet sich aus durch <\/span><strong class=\"qwen-markdown-strong\"><span class=\"qwen-markdown-text\">zwei separate Besprechungsr\u00e4ume<\/span><\/strong><span class=\"qwen-markdown-text\"> Und <\/span><strong class=\"qwen-markdown-strong\"><span class=\"qwen-markdown-text\">zwei Multifunktionsr\u00e4ume<\/span><\/strong><span class=\"qwen-markdown-text\">, Jeder Raum ist f\u00fcr die unterschiedlichsten Gesch\u00e4ftsveranstaltungen ausgestattet. Ob Sie eine vertrauliche Vorstandssitzung, eine Strategieplanungssitzung, eine Produkteinf\u00fchrung oder ein umfassendes Trainingsseminar planen \u2013 diese flexiblen R\u00e4umlichkeiten bieten den professionellen Rahmen f\u00fcr Ihren Erfolg. Akustik und Beleuchtung sind optimal auf die Bed\u00fcrfnisse der G\u00e4ste abgestimmt, sodass Pr\u00e4sentationen klar und Diskussionen fokussiert verlaufen.<\/span><\/div><div class=\"qwen-markdown-space\">\u00a0<\/div><h2 class=\"qwen-markdown-heading\"><strong class=\"qwen-markdown-strong\"><span class=\"qwen-markdown-text\">Produktivit\u00e4t im Zimmer und Unterk\u00fcnfte f\u00fcr F\u00fchrungskr\u00e4fte<\/span><\/strong><\/h2><div class=\"qwen-markdown-paragraph\"><span class=\"qwen-markdown-text\">Gesch\u00e4ftsreisen gehen oft \u00fcber den Konferenzraum hinaus, und das IntercityHotel Zhuhai Hengqin Seaview sorgt daf\u00fcr, dass Ihr G\u00e4stezimmer als produktives Privatb\u00fcro dient. Die Unterk\u00fcnfte des Hotels, insbesondere das weitl\u00e4ufige <\/span><strong class=\"qwen-markdown-strong\"><span class=\"qwen-markdown-text\">85 m\u00b2 gro\u00dfe Executive-Suiten<\/span><\/strong><span class=\"qwen-markdown-text\">, Die Zimmer sind auf die Bed\u00fcrfnisse von Berufst\u00e4tigen zugeschnitten. Jedes Zimmer ist ausgestattet mit <\/span><strong class=\"qwen-markdown-strong\"><span class=\"qwen-markdown-text\">ger\u00e4umige Schreibtische<\/span><\/strong><span class=\"qwen-markdown-text\"> Und <\/span><strong class=\"qwen-markdown-strong\"><span class=\"qwen-markdown-text\">Augenschonende Lampen<\/span><\/strong><span class=\"qwen-markdown-text\">, wodurch eine ergonomische Umgebung f\u00fcr n\u00e4chtliche Berichte oder fr\u00fchmorgendliche Besprechungen geschaffen wird. <\/span><\/div><div class=\"qwen-markdown-space\">\u00a0<\/div><div class=\"qwen-markdown-paragraph\"><span class=\"qwen-markdown-text\">Konnektivit\u00e4t ist nie ein Problem; das Hotel bietet sie. <\/span><strong class=\"qwen-markdown-strong\"><span class=\"qwen-markdown-text\">Hochgeschwindigkeits-WLAN<\/span><\/strong><span class=\"qwen-markdown-text\"> robust genug, um bandbreitenintensive Aufgaben wie z.B. zu bew\u00e4ltigen <\/span><strong class=\"qwen-markdown-strong\"><span class=\"qwen-markdown-text\">Videokonferenzen<\/span><\/strong><span class=\"qwen-markdown-text\"> und erm\u00f6glichen unterbrechungsfreie \u00dcbertragungen gro\u00dfer Dateien. F\u00fcr alle, die maximalen Platz und Privatsph\u00e4re suchen, bieten die Executive Suiten reichlich Raum zum Ausbreiten von Dokumenten oder f\u00fcr informelle Besprechungen im Zimmer \u2013 und das alles mit einem atemberaubenden Panoramablick aufs Meer, der die Kreativit\u00e4t befl\u00fcgelt.<\/span><\/div><div class=\"qwen-markdown-space\">\u00a0<\/div><h2 class=\"qwen-markdown-heading\"><strong class=\"qwen-markdown-strong\"><span class=\"qwen-markdown-text\">Executive Lounge und Networking-M\u00f6glichkeiten<\/span><\/strong><\/h2><div class=\"qwen-markdown-paragraph\"><span class=\"qwen-markdown-text\">Diskussionen finden oft am besten au\u00dferhalb des formellen Besprechungsraums statt. Das Hotel <\/span><strong class=\"qwen-markdown-strong\"><span class=\"qwen-markdown-text\">Executive Lounge<\/span><\/strong><span class=\"qwen-markdown-text\"> Bietet eine elegante Atmosph\u00e4re f\u00fcr informelles Networking, vertrauliche Gespr\u00e4che oder ungest\u00f6rtes Arbeiten abseits des Lobbytrubels. Dieser exklusive Bereich ist ein R\u00fcckzugsort f\u00fcr Gesch\u00e4ftsreisende, um neue Energie zu tanken, Dokumente zu pr\u00fcfen oder vor einer wichtigen Pr\u00e4sentation kostenlose Erfrischungen zu genie\u00dfen. Er dient als Erweiterung Ihres B\u00fcros und vereint Privatsph\u00e4re mit erstklassigem Service.<\/span><\/div><div class=\"qwen-markdown-space\">\u00a0<\/div><h2 class=\"qwen-markdown-heading\"><strong class=\"qwen-markdown-strong\"><span class=\"qwen-markdown-text\">Logistik, Support und intelligente Dienstleistungen<\/span><\/strong><\/h2><div class=\"qwen-markdown-paragraph\"><span class=\"qwen-markdown-text\">Effizienz ist der Grundpfeiler von Gesch\u00e4ftsreisen, und das IntercityHotel Zhuhai Hengqin Seaview nutzt Technologie, um Ihren Aufenthalt so angenehm wie m\u00f6glich zu gestalten. Das Hotel bietet folgende Merkmale: <\/span><strong class=\"qwen-markdown-strong\"><span class=\"qwen-markdown-text\">robotergest\u00fctzte Dienstleistungen<\/span><\/strong><span class=\"qwen-markdown-text\">, um sicherzustellen, dass Lieferungen und Anfragen schnell und pr\u00e4zise bearbeitet werden. F\u00fcr Teams, die mit dem Auto anreisen, <\/span><strong class=\"qwen-markdown-strong\"><span class=\"qwen-markdown-text\">Privatparkplatz<\/span><\/strong><span class=\"qwen-markdown-text\"> ist verf\u00fcgbar und nimmt Ihnen den Stress der Fahrzeugsicherheit. <\/span><\/div><div class=\"qwen-markdown-space\">\u00a0<\/div><div class=\"qwen-markdown-paragraph\"><span class=\"qwen-markdown-text\">Der <\/span><strong class=\"qwen-markdown-strong\"><span class=\"qwen-markdown-text\">24-Stunden-Rezeption<\/span><\/strong><span class=\"qwen-markdown-text\"> So ist gew\u00e4hrleistet, dass Ihnen unabh\u00e4ngig von Ihrer Zeitzone oder Ihrem Zeitplan stets Unterst\u00fctzung zur Verf\u00fcgung steht. Ob Sie sp\u00e4t abends einchecken, fr\u00fch morgens Unterst\u00fctzung beim Transport ben\u00f6tigen oder administrative Hilfe w\u00fcnschen \u2013 unsere Mitarbeiter sind darauf geschult, den anspruchsvollen Zeitplan internationaler Gesch\u00e4ftsreisender zu ber\u00fccksichtigen. Dar\u00fcber hinaus bietet die N\u00e4he zu <\/span><strong class=\"qwen-markdown-strong\"><span class=\"qwen-markdown-text\">Hafen von Hengqin<\/span><\/strong><span class=\"qwen-markdown-text\"> und die <\/span><strong class=\"qwen-markdown-strong\"><span class=\"qwen-markdown-text\">Huafa-Einkaufszentrum<\/span><\/strong><span class=\"qwen-markdown-text\"> Das Gesch\u00e4ftsviertel bedeutet, dass Kundengespr\u00e4che und Restaurantbesuche nur wenige Augenblicke entfernt sind.<\/span><\/div><div class=\"qwen-markdown-space\">\u00a0<\/div><h2 class=\"qwen-markdown-heading\"><strong class=\"qwen-markdown-strong\"><span class=\"qwen-markdown-text\">Ein strategischer Partner in Hengqin<\/span><\/strong><\/h2><div class=\"qwen-markdown-paragraph\" data-spm-anchor-id=\"a2ty_o01.29997173.0.i43.5af05171WijP63\"><span class=\"qwen-markdown-text\">Die Wahl des richtigen Hotels ist eine strategische Gesch\u00e4ftsentscheidung. Mit seiner Kombination aus modernen Tagungseinrichtungen, produktivit\u00e4tsorientiertem Zimmerdesign und erstklassiger Lage innerhalb der <\/span><strong class=\"qwen-markdown-strong\"><span class=\"qwen-markdown-text\">Hengqin Finanzinsel<\/span><\/strong><span class=\"qwen-markdown-text\">, Das IntercityHotel Zhuhai Hengqin Seaview ist mehr als nur eine Unterkunft \u2013 es ist ein Partner f\u00fcr Ihren Gesch\u00e4ftserfolg. Ob Sie in die Greater Bay Area expandieren oder grenz\u00fcberschreitende Gesch\u00e4fte managen, unsere Einrichtungen bieten Ihnen die Grundlage, die Sie ben\u00f6tigen, um Ihre beruflichen Ziele in Zhuhai zu erreichen.<\/span><\/div>\t\t\t\t\t\t\t\t<\/div>\n\t\t\t\t\t<\/div>\n\t\t\t\t<\/div>\n\t\t\t\t<\/div>","protected":false},"excerpt":{"rendered":"<p>Empower Your Corporate Journey: Business Facilities at IntercityHotel Zhuhai Hengqin SeaviewFor the modern corporate traveler, the right environment is the key to success. Situated in the thriving economic hub of the Hong Kong and Macao Financial Center, the IntercityHotel Zhuhai Hengqin Seaview stands as a premier destination for business professionals seeking efficiency, connectivity, and comfort. [&hellip;]<\/p>\n","protected":false},"author":1,"featured_media":0,"parent":0,"menu_order":0,"comment_status":"closed","ping_status":"closed","template":"elementor_header_footer","meta":{"footnotes":""},"class_list":["post-2109","page","type-page","status-publish","hentry","post-no-thumbnail"],"_links":{"self":[{"href":"https:\/\/hengqin-seaview.intercityhotelzhuhai.com\/de\/wp-json\/wp\/v2\/pages\/2109","targetHints":{"allow":["GET"]}}],"collection":[{"href":"https:\/\/hengqin-seaview.intercityhotelzhuhai.com\/de\/wp-json\/wp\/v2\/pages"}],"about":[{"href":"https:\/\/hengqin-seaview.intercityhotelzhuhai.com\/de\/wp-json\/wp\/v2\/types\/page"}],"author":[{"embeddable":true,"href":"https:\/\/hengqin-seaview.intercityhotelzhuhai.com\/de\/wp-json\/wp\/v2\/users\/1"}],"replies":[{"embeddable":true,"href":"https:\/\/hengqin-seaview.intercityhotelzhuhai.com\/de\/wp-json\/wp\/v2\/comments?post=2109"}],"version-history":[{"count":0,"href":"https:\/\/hengqin-seaview.intercityhotelzhuhai.com\/de\/wp-json\/wp\/v2\/pages\/2109\/revisions"}],"wp:attachment":[{"href":"https:\/\/hengqin-seaview.intercityhotelzhuhai.com\/de\/wp-json\/wp\/v2\/media?parent=2109"}],"curies":[{"name":"wp","href":"https:\/\/api.w.org\/{rel}","templated":true}]}}