{"id":2105,"date":"2021-03-24T07:25:45","date_gmt":"2021-03-24T07:25:45","guid":{"rendered":"http:\/\/localhost\/nuss\/?page_id=235"},"modified":"2026-03-13T04:55:00","modified_gmt":"2026-03-13T04:55:00","slug":"faqs","status":"publish","type":"page","link":"https:\/\/hengqin-seaview.intercityhotelzhuhai.com\/de\/faqs\/","title":{"rendered":"Faqs"},"content":{"rendered":"<div data-elementor-type=\"wp-page\" data-elementor-id=\"2105\" class=\"elementor elementor-2105\">\n\t\t\t\t\t\t<section class=\"elementor-section elementor-top-section elementor-element elementor-element-2a96a73 elementor-section-boxed elementor-section-gap-beside-yes elementor-section-height-default elementor-section-height-default elementor-section-column-vertical-align-stretch\" data-id=\"2a96a73\" data-element_type=\"section\" data-e-type=\"section\">\n\t\t\t\t\t\t<div class=\"elementor-container elementor-column-gap-extended\">\n\t\t\t\t\t<div class=\"elementor-column elementor-col-100 elementor-top-column elementor-element elementor-element-98ef20c\" data-id=\"98ef20c\" data-element_type=\"column\" data-e-type=\"column\">\n\t\t\t<div class=\"elementor-widget-wrap elementor-element-populated\">\n\t\t\t\t\t\t<div class=\"elementor-element elementor-element-97088c0 elementor-widget__width-initial elementor-invisible elementor-widget elementor-widget-text-editor\" data-id=\"97088c0\" data-element_type=\"widget\" data-e-type=\"widget\" data-settings=\"{&quot;_animation&quot;:&quot;nussFadeInUp&quot;}\" data-widget_type=\"text-editor.default\">\n\t\t\t\t\t\t\t\t\t<p>Nachfolgend finden Sie eine Liste der am h\u00e4ufigsten gestellten Fragen unserer G\u00e4ste.<\/p>\t\t\t\t\t\t\t\t<\/div>\n\t\t\t\t\t<\/div>\n\t\t<\/div>\n\t\t\t\t\t<\/div>\n\t\t<\/section>\n\t\t\t\t<section class=\"elementor-section elementor-top-section elementor-element elementor-element-b184647 elementor-section-gap-beside-no elementor-section-boxed elementor-section-height-default elementor-section-height-default elementor-section-column-vertical-align-stretch\" data-id=\"b184647\" data-element_type=\"section\" data-e-type=\"section\">\n\t\t\t\t\t\t<div class=\"elementor-container elementor-column-gap-extended\">\n\t\t\t\t\t<div class=\"elementor-column elementor-col-100 elementor-top-column elementor-element elementor-element-1d49749\" data-id=\"1d49749\" data-element_type=\"column\" data-e-type=\"column\">\n\t\t\t<div class=\"elementor-widget-wrap elementor-element-populated\">\n\t\t\t\t\t\t<div class=\"elementor-element elementor-element-b986a9e elementor-invisible elementor-widget elementor-widget-nuss-heading\" data-id=\"b986a9e\" data-element_type=\"widget\" data-e-type=\"widget\" data-settings=\"{&quot;_animation&quot;:&quot;nussFadeInUp&quot;}\" data-widget_type=\"nuss-heading.default\">\n\t\t\t\t<div class=\"elementor-widget-container\">\n\t\t\t\t\t\t\t<div class=\"nuss-modern-heading\">\r\n\t\t\t\r\n\t\t\t\t\t\t<div class=\"heading-primary-wrap\">\r\n\t\t\t\t<h4 class=\"heading-primary elementor-heading-title\">H\u00e4ufig gestellte Fragen<\/h4>\t\t\t<\/div>\r\n\t\t\r\n\t\t\t\t\t\t<div class=\"heading-divider-wrap\">\r\n\t\t\t\t<div class=\"heading-divider\" style=\"left: 0px;top: 6px\"><\/div>\r\n\t\t\t<\/div>\r\n\t\r\n\t\t\t\t\t<\/div>\r\n\t\t\t\t\t<\/div>\n\t\t\t\t<\/div>\n\t\t\t\t<div class=\"elementor-element elementor-element-50f0733 elementor-invisible elementor-widget elementor-widget-heading\" data-id=\"50f0733\" data-element_type=\"widget\" data-e-type=\"widget\" data-settings=\"{&quot;_animation&quot;:&quot;nussFadeInUp&quot;}\" data-widget_type=\"heading.default\">\n\t\t\t\t\t<h2 class=\"elementor-heading-title elementor-size-default\">Fragen und Antworten<\/h2>\t\t\t\t<\/div>\n\t\t\t\t\t<\/div>\n\t\t<\/div>\n\t\t\t\t\t<\/div>\n\t\t<\/section>\n\t\t<div class=\"elementor-element elementor-element-d860903 e-flex e-con-boxed e-con e-parent\" data-id=\"d860903\" data-element_type=\"container\" data-e-type=\"container\">\n\t\t\t\t\t<div class=\"e-con-inner\">\n\t\t\t\t<div class=\"elementor-element elementor-element-054e696 elementor-widget elementor-widget-text-editor\" data-id=\"054e696\" data-element_type=\"widget\" data-e-type=\"widget\" data-widget_type=\"text-editor.default\">\n\t\t\t\t\t\t\t\t\t<h2 class=\"qwen-markdown-heading\"><span class=\"qwen-markdown-text\">\ud83d\udccd Lage &amp; Erreichbarkeit<\/span><\/h2><h3 class=\"qwen-markdown-heading\"><span class=\"qwen-markdown-text\">1. Wo befindet sich das IntercityHotel Zhuhai Hengqin Seaview?<\/span><\/h3><div class=\"qwen-markdown-paragraph\"><span class=\"qwen-markdown-text\">Das Hotel befindet sich in <\/span><strong class=\"qwen-markdown-strong\"><span class=\"qwen-markdown-text\">Hong Kong and Macao Financial Center, No. 539 Huitong 5th Road, Hengqin Town, Xiangzhou District, Zhuhai, Guangdong, China<\/span><\/strong><span class=\"qwen-markdown-text\">. Es befindet sich im Kerngebiet der Hengqin Financial Island innerhalb der Hengqin-Macao-Kooperationszone.<\/span><\/div><div class=\"qwen-markdown-space\">\u00a0<\/div><h3 class=\"qwen-markdown-heading\"><span class=\"qwen-markdown-text\">2. Wie weit ist das Hotel vom Stadtzentrum von Macau entfernt?<\/span><\/h3><div class=\"qwen-markdown-paragraph\"><span class=\"qwen-markdown-text\">Das IntercityHotel Zhuhai Hengqin Seaview liegt ungef\u00e4hr <\/span><strong class=\"qwen-markdown-strong\"><span class=\"qwen-markdown-text\">2,4 km vom Stadtzentrum von Macau entfernt<\/span><\/strong><span class=\"qwen-markdown-text\">. Das Hotel liegt gegen\u00fcber von Macau auf der anderen Wasserseite und bietet einen Panoramablick auf Macau und sein Wahrzeichen, den Macao Tower.<\/span><\/div><div class=\"qwen-markdown-space\">\u00a0<\/div><h3 class=\"qwen-markdown-heading\"><span class=\"qwen-markdown-text\">3. Wie weit ist das Hotel vom Hafen Hengqin entfernt?<\/span><\/h3><div class=\"qwen-markdown-paragraph\"><span class=\"qwen-markdown-text\">Das Hotel liegt etwa <\/span><strong class=\"qwen-markdown-strong\"><span class=\"qwen-markdown-text\">3 Minuten Fahrt zum Hafen von Hengqin<\/span><\/strong><span class=\"qwen-markdown-text\">, Wir bieten eine schnelle Abfertigung und direkten Zugang nach Macau mit 24-Stunden-Zollabfertigungsm\u00f6glichkeit.<\/span><\/div><div class=\"qwen-markdown-space\">\u00a0<\/div><h3 class=\"qwen-markdown-heading\"><span class=\"qwen-markdown-text\">4. Welche nahegelegenen Sehensw\u00fcrdigkeiten sind vom Hotel aus erreichbar?<\/span><\/h3><div class=\"qwen-markdown-paragraph\"><span class=\"qwen-markdown-text\">G\u00e4ste haben einfachen Zugang <\/span><strong class=\"qwen-markdown-strong\"><span class=\"qwen-markdown-text\">Zhuhai Chimelong Ocean Kingdom (2 Haltestellen entfernt)<\/span><\/strong><span class=\"qwen-markdown-text\">, <\/span><strong class=\"qwen-markdown-strong\"><span class=\"qwen-markdown-text\">Einkaufszentrum Zhuhai Huafa (15 Gehminuten)<\/span><\/strong><span class=\"qwen-markdown-text\">, und die <\/span><strong class=\"qwen-markdown-strong\"><span class=\"qwen-markdown-text\">Blumenmeerkorridor (2 Fahrminuten)<\/span><\/strong><span class=\"qwen-markdown-text\">. Der Hengqin Financial Island Central Park liegt nur 590 m vom Hotel entfernt.<\/span><\/div><div class=\"qwen-markdown-space\">\u00a0<\/div><h3 class=\"qwen-markdown-heading\"><span class=\"qwen-markdown-text\">5. Wie weit ist das Hotel vom Flughafen entfernt?<\/span><\/h3><div class=\"qwen-markdown-paragraph\"><span class=\"qwen-markdown-text\">Das Hotel ist ungef\u00e4hr <\/span><strong class=\"qwen-markdown-strong\"><span class=\"qwen-markdown-text\">5,74 km vom internationalen Flughafen Macau entfernt<\/span><\/strong><span class=\"qwen-markdown-text\"> Und <\/span><strong class=\"qwen-markdown-strong\"><span class=\"qwen-markdown-text\">56,27 km vom Flughafen Zhuhai Jinwan entfernt<\/span><\/strong><span class=\"qwen-markdown-text\">.<\/span><\/div><div class=\"qwen-markdown-space\">\u00a0<\/div><div class=\"qwen-markdown-hr\"><hr \/><\/div><div class=\"qwen-markdown-space\">\u00a0<\/div><h2 class=\"qwen-markdown-heading\"><span class=\"qwen-markdown-text\">\ud83c\udfe8 Ein- und Auschecken<\/span><\/h2><h3 class=\"qwen-markdown-heading\"><span class=\"qwen-markdown-text\">6. Wann sind die Ein- und Auscheckzeiten?<\/span><\/h3><div class=\"qwen-markdown-paragraph\"><strong class=\"qwen-markdown-strong\"><span class=\"qwen-markdown-text\">Der Check-in ist ab 15:00 Uhr m\u00f6glich.<\/span><\/strong><span class=\"qwen-markdown-text\"> Und <\/span><strong class=\"qwen-markdown-strong\"><span class=\"qwen-markdown-text\">Die Check-out-Zeit ist vor 12:00 Uhr.<\/span><\/strong><span class=\"qwen-markdown-text\">. F\u00fcr den Komfort der G\u00e4ste stehen ein elektronischer Ausweis-Check-in und Selbstbedienungs-Check-in-Kioske zur Verf\u00fcgung.<\/span><\/div><div class=\"qwen-markdown-space\">\u00a0<\/div><h3 class=\"qwen-markdown-heading\"><span class=\"qwen-markdown-text\">7. Ist ein fr\u00fcher Check-in oder ein sp\u00e4ter Check-out m\u00f6glich?<\/span><\/h3><div class=\"qwen-markdown-paragraph\"><span class=\"qwen-markdown-text\">G\u00e4ste sollten sich direkt an das Hotel wenden, um sich nach M\u00f6glichkeiten f\u00fcr einen fr\u00fchen Check-in oder sp\u00e4ten Check-out zu erkundigen, da diese je nach Verf\u00fcgbarkeit variieren und gegebenenfalls zus\u00e4tzliche Geb\u00fchren anfallen.<\/span><\/div><div class=\"qwen-markdown-space\">\u00a0<\/div><h3 class=\"qwen-markdown-heading\"><span class=\"qwen-markdown-text\">8. Welche Dokumente werden zum Einchecken ben\u00f6tigt?<\/span><\/h3><div class=\"qwen-markdown-paragraph\"><span class=\"qwen-markdown-text\">Das Hotel bietet <\/span><strong class=\"qwen-markdown-strong\"><span class=\"qwen-markdown-text\">elektronischer Ausweis-Check-in<\/span><\/strong><span class=\"qwen-markdown-text\"> und akzeptiert verschiedene Ausweisdokumente. Mehrsprachige \u00dcbersetzungstools stehen an der Rezeption zur Verf\u00fcgung, um internationale G\u00e4ste zu unterst\u00fctzen.<\/span><\/div><div class=\"qwen-markdown-space\">\u00a0<\/div><div class=\"qwen-markdown-hr\"><hr \/><\/div><div class=\"qwen-markdown-space\">\u00a0<\/div><h2 class=\"qwen-markdown-heading\"><span class=\"qwen-markdown-text\">\ud83d\udecf\ufe0f Zimmer &amp; Unterk\u00fcnfte<\/span><\/h2><h3 class=\"qwen-markdown-heading\"><span class=\"qwen-markdown-text\">9. Welche Zimmertypen bietet das Hotel an?<\/span><\/h3><div class=\"qwen-markdown-paragraph\"><span class=\"qwen-markdown-text\">Das Hotel bietet verschiedene Zimmertypen an, darunter <\/span><strong class=\"qwen-markdown-strong\"><span class=\"qwen-markdown-text\">Intercity Executive Suite (85 m\u00b2)<\/span><\/strong><span class=\"qwen-markdown-text\">, <\/span><strong class=\"qwen-markdown-strong\"><span class=\"qwen-markdown-text\">Macau-Blick-King-Zimmer (43 m\u00b2)<\/span><\/strong><span class=\"qwen-markdown-text\">, <\/span><strong class=\"qwen-markdown-strong\"><span class=\"qwen-markdown-text\">B.Duck Familienzimmer mit B.Duck-Annehmlichkeiten und 65-Zoll-Projektionsfernseher (34 m\u00b2)<\/span><\/strong><span class=\"qwen-markdown-text\">, und Zimmer mit <\/span><strong class=\"qwen-markdown-strong\"><span class=\"qwen-markdown-text\">Meerblick von 180 bis 270 Grad<\/span><\/strong><span class=\"qwen-markdown-text\">.<\/span><\/div><div class=\"qwen-markdown-space\">\u00a0<\/div><h3 class=\"qwen-markdown-heading\"><span class=\"qwen-markdown-text\">10. Haben die Zimmer Meerblick?<\/span><\/h3><div class=\"qwen-markdown-paragraph\"><span class=\"qwen-markdown-text\">Ja, viele Zimmer verf\u00fcgen \u00fcber <\/span><strong class=\"qwen-markdown-strong\"><span class=\"qwen-markdown-text\">Panoramablick auf das Meer mit Blick auf Macau<\/span><\/strong><span class=\"qwen-markdown-text\">, mit einigen Angeboten <\/span><strong class=\"qwen-markdown-strong\"><span class=\"qwen-markdown-text\">Meerblick von 180 bis 270 Grad<\/span><\/strong><span class=\"qwen-markdown-text\">. Von bestimmten Zimmern aus k\u00f6nnen G\u00e4ste das Grand Lisboa und die Hongkong-Zhuhai-Macau-Br\u00fccke sehen.<\/span><\/div><div class=\"qwen-markdown-space\">\u00a0<\/div><h3 class=\"qwen-markdown-heading\"><span class=\"qwen-markdown-text\">11. Sind familienfreundliche Zimmer verf\u00fcgbar?<\/span><\/h3><div class=\"qwen-markdown-paragraph\"><span class=\"qwen-markdown-text\">Ja, das Hotel bietet an <\/span><strong class=\"qwen-markdown-strong\"><span class=\"qwen-markdown-text\">B.Duck Familienzimmer<\/span><\/strong><span class=\"qwen-markdown-text\"> speziell f\u00fcr Familien mit Kindern konzipiert, mit B.Duck-Annehmlichkeiten, 65-Zoll-Projektionsfernsehern und kinderfreundlichen Einrichtungen.<\/span><\/div><div class=\"qwen-markdown-space\">\u00a0<\/div><h3 class=\"qwen-markdown-heading\"><span class=\"qwen-markdown-text\">12. K\u00f6nnen Kinder im Hotel \u00fcbernachten?<\/span><\/h3><div class=\"qwen-markdown-paragraph\"><strong class=\"qwen-markdown-strong\"><span class=\"qwen-markdown-text\">Kinder sind in diesem Hotel willkommen.<\/span><\/strong><span class=\"qwen-markdown-text\">. Kinder bis einschlie\u00dflich 1 Jahr \u00fcbernachten kostenlos in den vorhandenen Betten. Zustellbetten und Babybetten sind auf Anfrage erh\u00e4ltlich \u2013 bitte kontaktieren Sie das Hotel f\u00fcr weitere Informationen.<\/span><\/div><div class=\"qwen-markdown-space\">\u00a0<\/div><div class=\"qwen-markdown-hr\"><hr \/><\/div><div class=\"qwen-markdown-space\">\u00a0<\/div><h2 class=\"qwen-markdown-heading\"><span class=\"qwen-markdown-text\">\ud83c\udf7d\ufe0f Speisen &amp; Fr\u00fchst\u00fcck<\/span><\/h2><h3 class=\"qwen-markdown-heading\"><span class=\"qwen-markdown-text\">13. Verf\u00fcgt das Hotel \u00fcber ein Restaurant?<\/span><\/h3><div class=\"qwen-markdown-paragraph\"><strong class=\"qwen-markdown-strong\"><span class=\"qwen-markdown-text\">Ja, das Hotel bietet mehrere Speisem\u00f6glichkeiten.<\/span><\/strong><span class=\"qwen-markdown-text\"> einschlie\u00dflich eines <\/span><strong class=\"qwen-markdown-strong\"><span class=\"qwen-markdown-text\">Restaurant mit 360-Grad-Meerblick<\/span><\/strong><span class=\"qwen-markdown-text\">, <\/span><strong class=\"qwen-markdown-strong\"><span class=\"qwen-markdown-text\">Cafe<\/span><\/strong><span class=\"qwen-markdown-text\">, <\/span><strong class=\"qwen-markdown-strong\"><span class=\"qwen-markdown-text\">Lobbybar<\/span><\/strong><span class=\"qwen-markdown-text\">, und ein Barangebot <\/span><strong class=\"qwen-markdown-strong\"><span class=\"qwen-markdown-text\">authentische Craft-Biere im M\u00fcnchner Stil<\/span><\/strong><span class=\"qwen-markdown-text\">. Das Hotel verf\u00fcgt \u00fcber 3 Restaurants und 2 Caf\u00e9s.<\/span><\/div><div class=\"qwen-markdown-space\">\u00a0<\/div><h3 class=\"qwen-markdown-heading\"><span class=\"qwen-markdown-text\">14. Welche Fr\u00fchst\u00fccksoptionen werden angeboten?<\/span><\/h3><div class=\"qwen-markdown-paragraph\"><span class=\"qwen-markdown-text\">Das Hotel bietet beides <\/span><strong class=\"qwen-markdown-strong\"><span class=\"qwen-markdown-text\">Westliches und chinesisches Fr\u00fchst\u00fcck<\/span><\/strong><span class=\"qwen-markdown-text\"> Optionen. Fr\u00fchst\u00fcck wird serviert von <\/span><strong class=\"qwen-markdown-strong\"><span class=\"qwen-markdown-text\">06:30-11:00 Uhr an Wochenenden<\/span><\/strong><span class=\"qwen-markdown-text\"> Und <\/span><strong class=\"qwen-markdown-strong\"><span class=\"qwen-markdown-text\">06:30-10:00 Uhr an Wochentagen<\/span><\/strong><span class=\"qwen-markdown-text\">.<\/span><\/div><div class=\"qwen-markdown-space\">\u00a0<\/div><h3 class=\"qwen-markdown-heading\"><span class=\"qwen-markdown-text\">15. Wie viel kostet das Fr\u00fchst\u00fcck?<\/span><\/h3><div class=\"qwen-markdown-paragraph\"><span class=\"qwen-markdown-text\">Das Fr\u00fchst\u00fcck kostet ungef\u00e4hr <\/span><strong class=\"qwen-markdown-strong\"><span class=\"qwen-markdown-text\">9 \u00a3 (\u2248 78 CNY) pro Person<\/span><\/strong><span class=\"qwen-markdown-text\">.<\/span><\/div><div class=\"qwen-markdown-space\">\u00a0<\/div><div class=\"qwen-markdown-hr\"><hr \/><\/div><div class=\"qwen-markdown-space\">\u00a0<\/div><h2 class=\"qwen-markdown-heading\"><span class=\"qwen-markdown-text\">\ud83c\udfcb\ufe0f Ausstattung &amp; Serviceleistungen<\/span><\/h2><h3 class=\"qwen-markdown-heading\"><span class=\"qwen-markdown-text\">16. Welche Einrichtungen bietet das Hotel an?<\/span><\/h3><div class=\"qwen-markdown-paragraph\"><span class=\"qwen-markdown-text\">Das Hotel verf\u00fcgt \u00fcber ein <\/span><strong class=\"qwen-markdown-strong\"><span class=\"qwen-markdown-text\">Kostenloses 24-Stunden-Fitnesscenter zur Selbstbedienung<\/span><\/strong><span class=\"qwen-markdown-text\">, <\/span><strong class=\"qwen-markdown-strong\"><span class=\"qwen-markdown-text\">24-Stunden-Selbstbedienungsw\u00e4scherei (kostenlos)<\/span><\/strong><span class=\"qwen-markdown-text\">, <\/span><strong class=\"qwen-markdown-strong\"><span class=\"qwen-markdown-text\">Gep\u00e4ckaufbewahrung (kostenlos)<\/span><\/strong><span class=\"qwen-markdown-text\">, <\/span><strong class=\"qwen-markdown-strong\"><span class=\"qwen-markdown-text\">24-Stunden-Rezeption<\/span><\/strong><span class=\"qwen-markdown-text\">, Und <\/span><strong class=\"qwen-markdown-strong\"><span class=\"qwen-markdown-text\">Roboterdienst<\/span><\/strong><span class=\"qwen-markdown-text\">. Zu den weiteren Annehmlichkeiten geh\u00f6ren WLAN, Klimaanlage, Tagungsr\u00e4ume, Mehrzweckhallen und ein Businesscenter.<\/span><\/div><div class=\"qwen-markdown-space\">\u00a0<\/div><h3 class=\"qwen-markdown-heading\"><span class=\"qwen-markdown-text\">17. Stehen am Hotel Parkpl\u00e4tze zur Verf\u00fcgung?<\/span><\/h3><div class=\"qwen-markdown-paragraph\"><span class=\"qwen-markdown-text\">Einigen Quellen zufolge, <\/span><strong class=\"qwen-markdown-strong\"><span class=\"qwen-markdown-text\">Die Parkinformationen variieren<\/span><\/strong><span class=\"qwen-markdown-text\"> \u2013 G\u00e4ste sollten sich direkt mit dem Hotel in Verbindung setzen, um die aktuelle Parkplatzverf\u00fcgbarkeit und eventuell anfallende Geb\u00fchren zu erfragen.<\/span><\/div><div class=\"qwen-markdown-space\">\u00a0<\/div><h3 class=\"qwen-markdown-heading\"><span class=\"qwen-markdown-text\">18. Ist WLAN verf\u00fcgbar?<\/span><\/h3><div class=\"qwen-markdown-paragraph\"><strong class=\"qwen-markdown-strong\"><span class=\"qwen-markdown-text\">Ja, WLAN ist verf\u00fcgbar.<\/span><\/strong><span class=\"qwen-markdown-text\"> im gesamten Hotel, einschlie\u00dflich der \u00f6ffentlichen Bereiche und der G\u00e4stezimmer.<\/span><\/div><div class=\"qwen-markdown-space\">\u00a0<\/div><div class=\"qwen-markdown-hr\"><hr \/><\/div><div class=\"qwen-markdown-space\">\u00a0<\/div><h2 class=\"qwen-markdown-heading\"><span class=\"qwen-markdown-text\">\ud83d\udc3e Richtlinien &amp; Zahlungen<\/span><\/h2><h3 class=\"qwen-markdown-heading\"><span class=\"qwen-markdown-text\">19. Sind Haustiere im Hotel erlaubt?<\/span><\/h3><div class=\"qwen-markdown-paragraph\"><strong class=\"qwen-markdown-strong\"><span class=\"qwen-markdown-text\">Nein, Haustiere sind nicht erlaubt.<\/span><\/strong><span class=\"qwen-markdown-text\"> im IntercityHotel Zhuhai Hengqin Seaview.<\/span><\/div><div class=\"qwen-markdown-space\">\u00a0<\/div><h3 class=\"qwen-markdown-heading\"><span class=\"qwen-markdown-text\">20. Welche Zahlungsmethoden werden akzeptiert?<\/span><\/h3><div class=\"qwen-markdown-paragraph\"><span class=\"qwen-markdown-text\">Das Hotel akzeptiert verschiedene Zahlungsmethoden, darunter <\/span><strong class=\"qwen-markdown-strong\"><span class=\"qwen-markdown-text\">UnionPay QuickPass, Barzahlung, PayPal<\/span><\/strong><span class=\"qwen-markdown-text\">, und anderen g\u00e4ngigen Zahlungsoptionen.<\/span><\/div><div class=\"qwen-markdown-space\">\u00a0<\/div><div class=\"qwen-markdown-hr\"><hr \/><\/div><div class=\"qwen-markdown-space\">\u00a0<\/div><h2 class=\"qwen-markdown-heading\"><span class=\"qwen-markdown-text\">\ud83d\udcde Zus\u00e4tzliche Informationen<\/span><\/h2><div class=\"qwen-markdown-table-wrapper\"><div class=\"qwen-markdown-table-header\"><div class=\"qwen-markdown-table-header-action-item\">\u00a0<\/div><\/div><div class=\"qwen-markdown-table-scroll-wrapper\"><table class=\"qwen-markdown-table\"><thead class=\"qwen-markdown-table-thead\"><tr class=\"qwen-markdown-table-thead-tr\"><th class=\"qwen-markdown-table-thead-tr-th\" scope=\"col\"><div class=\"qwen-markdown-table-thead-tr-th-col\"><span class=\"qwen-markdown-text\">Kategorie<\/span><\/div><\/th><th class=\"qwen-markdown-table-thead-tr-th\" scope=\"col\"><div class=\"qwen-markdown-table-thead-tr-th-col\"><span class=\"qwen-markdown-text\">Details<\/span><\/div><\/th><\/tr><\/thead><tbody class=\"qwen-markdown-table-tbody\"><tr class=\"qwen-markdown-table-tbody-tr\"><td class=\"qwen-markdown-table-tbody-tr-td\"><div class=\"qwen-markdown-table-tbody-tr-td-col\"><strong class=\"qwen-markdown-strong\"><span class=\"qwen-markdown-text\">Hotelbewertung<\/span><\/strong><\/div><\/td><td class=\"qwen-markdown-table-tbody-tr-td\"><div class=\"qwen-markdown-table-tbody-tr-td-col\"><span class=\"qwen-markdown-text\">9,7\/10 Ausgezeichnet (basierend auf \u00fcber 1.578 Bewertungen)<\/span><\/div><\/td><\/tr><tr class=\"qwen-markdown-table-tbody-tr\"><td class=\"qwen-markdown-table-tbody-tr-td\"><div class=\"qwen-markdown-table-tbody-tr-td-col\"><strong class=\"qwen-markdown-strong\"><span class=\"qwen-markdown-text\">Hotelmarke<\/span><\/strong><\/div><\/td><td class=\"qwen-markdown-table-tbody-tr-td\"><div class=\"qwen-markdown-table-tbody-tr-td-col\"><span class=\"qwen-markdown-text\">Premiummarke der Huazhu Group, hervorgegangen aus Deutsche Hospitality (DH)<\/span><\/div><\/td><\/tr><tr class=\"qwen-markdown-table-tbody-tr\"><td class=\"qwen-markdown-table-tbody-tr-td\"><div class=\"qwen-markdown-table-tbody-tr-td-col\"><strong class=\"qwen-markdown-strong\"><span class=\"qwen-markdown-text\">Servicephilosophie<\/span><\/strong><\/div><\/td><td class=\"qwen-markdown-table-tbody-tr-td\"><div class=\"qwen-markdown-table-tbody-tr-td-col\"><span class=\"qwen-markdown-text\">\u201cHohe Qualit\u00e4t, hohe Effizienz und hoher Wert\u201d \u2013 inspiriert von deutscher Philosophie<\/span><\/div><\/td><\/tr><tr class=\"qwen-markdown-table-tbody-tr\"><td class=\"qwen-markdown-table-tbody-tr-td\"><div class=\"qwen-markdown-table-tbody-tr-td-col\"><strong class=\"qwen-markdown-strong\"><span class=\"qwen-markdown-text\">Rezeption<\/span><\/strong><\/div><\/td><td class=\"qwen-markdown-table-tbody-tr-td\"><div class=\"qwen-markdown-table-tbody-tr-td-col\"><span class=\"qwen-markdown-text\">24-Stunden-Rezeption mit mehrsprachigem Support<\/span><\/div><\/td><\/tr><tr class=\"qwen-markdown-table-tbody-tr\"><td class=\"qwen-markdown-table-tbody-tr-td\"><div class=\"qwen-markdown-table-tbody-tr-td-col\"><strong class=\"qwen-markdown-strong\"><span class=\"qwen-markdown-text\">Besondere Dienstleistungen<\/span><\/strong><\/div><\/td><td class=\"qwen-markdown-table-tbody-tr-td\"><div class=\"qwen-markdown-table-tbody-tr-td-col\"><span class=\"qwen-markdown-text\">Taxi-Buchungsservice, Roboterservice, Selbst-Check-in-Kioske<\/span><\/div><\/td><\/tr><\/tbody><\/table><\/div><\/div><div class=\"qwen-markdown-hr\"><hr \/><\/div><div class=\"qwen-markdown-space\">\u00a0<\/div><h2 class=\"qwen-markdown-heading\"><span class=\"qwen-markdown-text\">\ud83d\udca1 G\u00e4stetipps<\/span><\/h2><ul class=\"qwen-markdown-list\" dir=\"auto\"><li><strong class=\"qwen-markdown-strong\"><span class=\"qwen-markdown-text\">Beste Aussicht<\/span><\/strong><span class=\"qwen-markdown-text\">Bitten Sie um ein Zimmer mit 270-Grad-Meerblick f\u00fcr einen Panoramablick auf Macau.<\/span><\/li><li><strong class=\"qwen-markdown-strong\"><span class=\"qwen-markdown-text\">Einkaufen<\/span><\/strong><span class=\"qwen-markdown-text\">Das Einkaufszentrum Zhuhai Huafa Mall mit seinen zahlreichen Einkaufs- und Gastronomieangeboten ist in 15 Minuten zu Fu\u00df erreichbar.<\/span><\/li><li><strong class=\"qwen-markdown-strong\"><span class=\"qwen-markdown-text\">Themenparks<\/span><\/strong><span class=\"qwen-markdown-text\">Das Chimelong Ocean Kingdom ist in 7 Minuten mit dem Intercity-Zug erreichbar.<\/span><\/li><li><strong class=\"qwen-markdown-strong\"><span class=\"qwen-markdown-text\">Grenz\u00fcberschreitende Reisen<\/span><\/strong><span class=\"qwen-markdown-text\">Nutzen Sie die 24-Stunden-Abfertigung im Hafen von Hengqin f\u00fcr einen einfachen Zugang nach Macau<\/span><\/li><li><strong class=\"qwen-markdown-strong\"><span class=\"qwen-markdown-text\">Fr\u00fchst\u00fcck<\/span><\/strong><span class=\"qwen-markdown-text\">Viele G\u00e4ste loben die Auswahl beim Fr\u00fchst\u00fcck, insbesondere die guten chinesischen und westlichen Optionen.<\/span><\/li><\/ul>\t\t\t\t\t\t\t\t<\/div>\n\t\t\t\t\t<\/div>\n\t\t\t\t<\/div>\n\t\t\t\t<\/div>","protected":false},"excerpt":{"rendered":"<p>Below, you will find a list of the questions most frequently asked by our guests. FAQ&#8217;S Questions &amp; Answers \ud83d\udccd Location &amp; Accessibility 1. Where is IntercityHotel Zhuhai Hengqin Seaview located? The hotel is located at Hong Kong and Macao Financial Center, No. 539 Huitong 5th Road, Hengqin Town, Xiangzhou District, Zhuhai, Guangdong, China. It [&hellip;]<\/p>\n","protected":false},"author":1,"featured_media":0,"parent":0,"menu_order":0,"comment_status":"closed","ping_status":"closed","template":"elementor_header_footer","meta":{"footnotes":""},"class_list":["post-2105","page","type-page","status-publish","hentry","post-no-thumbnail"],"_links":{"self":[{"href":"https:\/\/hengqin-seaview.intercityhotelzhuhai.com\/de\/wp-json\/wp\/v2\/pages\/2105","targetHints":{"allow":["GET"]}}],"collection":[{"href":"https:\/\/hengqin-seaview.intercityhotelzhuhai.com\/de\/wp-json\/wp\/v2\/pages"}],"about":[{"href":"https:\/\/hengqin-seaview.intercityhotelzhuhai.com\/de\/wp-json\/wp\/v2\/types\/page"}],"author":[{"embeddable":true,"href":"https:\/\/hengqin-seaview.intercityhotelzhuhai.com\/de\/wp-json\/wp\/v2\/users\/1"}],"replies":[{"embeddable":true,"href":"https:\/\/hengqin-seaview.intercityhotelzhuhai.com\/de\/wp-json\/wp\/v2\/comments?post=2105"}],"version-history":[{"count":0,"href":"https:\/\/hengqin-seaview.intercityhotelzhuhai.com\/de\/wp-json\/wp\/v2\/pages\/2105\/revisions"}],"wp:attachment":[{"href":"https:\/\/hengqin-seaview.intercityhotelzhuhai.com\/de\/wp-json\/wp\/v2\/media?parent=2105"}],"curies":[{"name":"wp","href":"https:\/\/api.w.org\/{rel}","templated":true}]}}